{"id":1423,"date":"2022-07-08T13:32:25","date_gmt":"2022-07-08T13:32:25","guid":{"rendered":"https:\/\/www.toplinemd.com\/gynecologic-oncology-center\/?page_id=1423"},"modified":"2026-04-21T19:45:32","modified_gmt":"2026-04-21T19:45:32","slug":"taralyn-sowby","status":"publish","type":"page","link":"https:\/\/www.toplinemd.com\/gynecologic-oncology-center\/taralyn-sowby\/","title":{"rendered":"Taralyn C. Sowby, DO"},"content":{"rendered":"<p><div class=\"fusion-fullwidth fullwidth-box fusion-builder-row-1 fusion-flex-container has-pattern-background has-mask-background nonhundred-percent-fullwidth non-hundred-percent-height-scrolling\" style=\"--awb-border-sizes-bottom:0;--awb-border-radius-top-left:0px;--awb-border-radius-top-right:0px;--awb-border-radius-bottom-right:0px;--awb-border-radius-bottom-left:0px;--awb-padding-top:3%;--awb-padding-bottom:0px;--awb-margin-bottom:0px;--awb-flex-wrap:wrap;\" ><div class=\"fusion-builder-row fusion-row fusion-flex-align-items-flex-start fusion-flex-content-wrap\" style=\"max-width:1352px;margin-left: calc(-4% \/ 2 );margin-right: calc(-4% \/ 2 );\"><div class=\"fusion-layout-column fusion_builder_column fusion-builder-column-0 fusion_builder_column_1_2 1_2 fusion-flex-column doctor\" style=\"--awb-bg-size:cover;--awb-width-large:50%;--awb-margin-top-large:0px;--awb-spacing-right-large:3.84%;--awb-margin-bottom-large:0px;--awb-spacing-left-large:3.84%;--awb-width-medium:100%;--awb-order-medium:0;--awb-spacing-right-medium:1.92%;--awb-spacing-left-medium:1.92%;--awb-width-small:100%;--awb-order-small:0;--awb-spacing-right-small:1.92%;--awb-spacing-left-small:1.92%;\"><div class=\"fusion-column-wrapper fusion-column-has-shadow fusion-flex-justify-content-flex-start fusion-content-layout-column\"><div class=\"fusion-image-element \" style=\"--awb-caption-title-font-family:var(--h2_typography-font-family);--awb-caption-title-font-weight:var(--h2_typography-font-weight);--awb-caption-title-font-style:var(--h2_typography-font-style);--awb-caption-title-size:var(--h2_typography-font-size);--awb-caption-title-transform:var(--h2_typography-text-transform);--awb-caption-title-line-height:var(--h2_typography-line-height);--awb-caption-title-letter-spacing:var(--h2_typography-letter-spacing);\"><span class=\" fusion-imageframe imageframe-none imageframe-1 hover-type-none\"><img decoding=\"async\" width=\"630\" height=\"950\" alt=\"The Center for Gynecologic Oncology staff closed in headshot of Dr. Taralyn Sowby\" title=\"Sowby_Taralyn\" src=\"https:\/\/www.toplinemd.com\/gynecologic-oncology-center\/wp-content\/uploads\/sites\/198\/2022\/07\/Sowby_Taralyn.png\" class=\"img-responsive wp-image-1427\" srcset=\"https:\/\/www.toplinemd.com\/gynecologic-oncology-center\/wp-content\/uploads\/sites\/198\/2022\/07\/Sowby_Taralyn-200x302.png 200w, https:\/\/www.toplinemd.com\/gynecologic-oncology-center\/wp-content\/uploads\/sites\/198\/2022\/07\/Sowby_Taralyn-400x603.png 400w, https:\/\/www.toplinemd.com\/gynecologic-oncology-center\/wp-content\/uploads\/sites\/198\/2022\/07\/Sowby_Taralyn-600x905.png 600w, https:\/\/www.toplinemd.com\/gynecologic-oncology-center\/wp-content\/uploads\/sites\/198\/2022\/07\/Sowby_Taralyn.png 630w\" sizes=\"(max-width: 1024px) 100vw, (max-width: 640px) 100vw, 630px\" \/><\/span><\/div><\/div><\/div><div class=\"fusion-layout-column fusion_builder_column fusion-builder-column-1 fusion_builder_column_1_2 1_2 fusion-flex-column doktor-info\" style=\"--awb-bg-size:cover;--awb-width-large:50%;--awb-margin-top-large:0px;--awb-spacing-right-large:3.84%;--awb-margin-bottom-large:20px;--awb-spacing-left-large:3.84%;--awb-width-medium:100%;--awb-order-medium:0;--awb-spacing-right-medium:1.92%;--awb-spacing-left-medium:1.92%;--awb-width-small:100%;--awb-order-small:0;--awb-spacing-right-small:1.92%;--awb-spacing-left-small:1.92%;\"><div class=\"fusion-column-wrapper fusion-column-has-shadow fusion-flex-justify-content-flex-start fusion-content-layout-column\"><div class=\"fusion-title title fusion-title-1 fusion-sep-none fusion-title-text fusion-title-size-one\" style=\"--awb-text-color:#6d6e73;--awb-margin-bottom:20px;--awb-margin-top-small:0px;--awb-margin-right-small:0px;--awb-margin-bottom-small:20px;--awb-margin-left-small:0px;--awb-font-size:45px;\"><h1 class=\"fusion-title-heading title-heading-left fusion-responsive-typography-calculated\" style=\"margin:0;font-size:1em;--fontSize:45;line-height:1.07;\">Taralyn C. Sowby, DO<\/h1><\/div><div class=\"fusion-tabs fusion-tabs-1 classic custom-tab-style vertical-tabs icon-position-left mobile-mode-accordion\" style=\"--awb-title-border-radius-top-left:0px;--awb-title-border-radius-top-right:0px;--awb-title-border-radius-bottom-right:0px;--awb-title-border-radius-bottom-left:0px;--awb-inactive-color:#e5e5e5;--awb-background-color:#f8f8f8;--awb-border-color:#f8f8f8;--awb-active-border-color:#01b4b6;\"><div class=\"nav\"><ul class=\"nav-tabs\" role=\"tablist\" aria-orientation=\"vertical\"><li class=\"active\" role=\"presentation\"><a class=\"tab-link\" data-toggle=\"tab\" role=\"tab\" aria-controls=\"tab-5f52de928f7fc976cfe\" aria-selected=\"true\" tabindex=\"0\" id=\"fusion-tab-5f52de928f7fc976cfe\" href=\"#tab-5f52de928f7fc976cfe\"><h4 class=\"fusion-tab-heading\">Why Minimally Invasive<br \/>\nGynecologic Surgery? <\/h4><\/a><\/li><li  role=\"presentation\"><a class=\"tab-link\" data-toggle=\"tab\" role=\"tab\" aria-controls=\"tab-c21cd4ffcbc03f31877\" aria-selected=\"false\" tabindex=\"-1\" id=\"fusion-tab-c21cd4ffcbc03f31877\" href=\"#tab-c21cd4ffcbc03f31877\"><h4 class=\"fusion-tab-heading\">Education &amp; Training<\/h4><\/a><\/li><li  role=\"presentation\"><a class=\"tab-link\" data-toggle=\"tab\" role=\"tab\" aria-controls=\"tab-da0aa94691650d3a2d1\" aria-selected=\"false\" tabindex=\"-1\" id=\"fusion-tab-da0aa94691650d3a2d1\" href=\"#tab-da0aa94691650d3a2d1\"><h4 class=\"fusion-tab-heading\">Speciality<\/h4><\/a><\/li><li  role=\"presentation\"><a class=\"tab-link\" data-toggle=\"tab\" role=\"tab\" aria-controls=\"tab-fd7e411b1b3037d8455\" aria-selected=\"false\" tabindex=\"-1\" id=\"fusion-tab-fd7e411b1b3037d8455\" href=\"#tab-fd7e411b1b3037d8455\"><h4 class=\"fusion-tab-heading\"> Research and Academics<\/h4><\/a><\/li><\/ul><\/div><div class=\"tab-content\"><div class=\"nav fusion-mobile-tab-nav\"><ul class=\"nav-tabs\" role=\"tablist\" aria-orientation=\"vertical\"><li class=\"active\" role=\"presentation\"><a class=\"tab-link\" data-toggle=\"tab\" role=\"tab\" aria-controls=\"tab-5f52de928f7fc976cfe\" aria-selected=\"true\" tabindex=\"0\" id=\"mobile-fusion-tab-5f52de928f7fc976cfe\" href=\"#tab-5f52de928f7fc976cfe\"><h4 class=\"fusion-tab-heading\">Why Minimally Invasive<br \/>\nGynecologic Surgery? <\/h4><\/a><\/li><\/ul><\/div><div class=\"tab-pane fade fusion-clearfix in active\" role=\"tabpanel\" tabindex=\"0\" aria-labelledby=\"fusion-tab-5f52de928f7fc976cfe\" id=\"tab-5f52de928f7fc976cfe\">\n<p><em>\u201cAs an osteopathic physician, I understand the value of treating the body as a whole and creating the best environment for self-healing. As a surgeon, my focus is on providing my patients with the best outcomes and the best recovery. What I love about specializing in Minimally Invasive Surgery is the opportunity to combine my passions and optimize patient outcomes with decreased postoperative pain, decreased complications, and shortened recovery time after surgery.\u201d<\/em><\/p>\n<\/div><div class=\"nav fusion-mobile-tab-nav\"><ul class=\"nav-tabs\" role=\"tablist\" aria-orientation=\"vertical\"><li  role=\"presentation\"><a class=\"tab-link\" data-toggle=\"tab\" role=\"tab\" aria-controls=\"tab-c21cd4ffcbc03f31877\" aria-selected=\"false\" tabindex=\"-1\" id=\"mobile-fusion-tab-c21cd4ffcbc03f31877\" href=\"#tab-c21cd4ffcbc03f31877\"><h4 class=\"fusion-tab-heading\">Education &amp; Training<\/h4><\/a><\/li><\/ul><\/div><div class=\"tab-pane fade fusion-clearfix\" role=\"tabpanel\" tabindex=\"0\" aria-labelledby=\"fusion-tab-c21cd4ffcbc03f31877\" id=\"tab-c21cd4ffcbc03f31877\"><em>Dr. Taralyn Sowby is a Board-Certified Obstetrics and Gynecologist (OB\/GYN). She earned her degree in osteopathic medicine from Lincoln Memorial University-DeBusk College of Osteopathic Medicine (LMU-DCOM)\u00a0where she also completed a teaching fellowship in Anatomy and Osteopathic Manipulative Medicine (OMM) and received a Master of Business Administration (MBA). Dr. Sowby completed her residency in obstetrics and gynecology (OB\/GYN) at Community Health of South Florida and her fellowship in minimally invasive gynecologic surgery at The Center for Gynecologic Oncology. <\/em><\/div><div class=\"nav fusion-mobile-tab-nav\"><ul class=\"nav-tabs\" role=\"tablist\" aria-orientation=\"vertical\"><li  role=\"presentation\"><a class=\"tab-link\" data-toggle=\"tab\" role=\"tab\" aria-controls=\"tab-da0aa94691650d3a2d1\" aria-selected=\"false\" tabindex=\"-1\" id=\"mobile-fusion-tab-da0aa94691650d3a2d1\" href=\"#tab-da0aa94691650d3a2d1\"><h4 class=\"fusion-tab-heading\">Speciality<\/h4><\/a><\/li><\/ul><\/div><div class=\"tab-pane fade fusion-clearfix\" role=\"tabpanel\" tabindex=\"0\" aria-labelledby=\"fusion-tab-da0aa94691650d3a2d1\" id=\"tab-da0aa94691650d3a2d1\"><em>Dr. Sowby is expertly trained to perform minimally invasive laparoscopic and robotic surgeries and treat complex gynecologic conditions including endometriosis, fibroids, pelvic pain, pelvic prolapse, urinary incontinence, and management of postoperative complications. Dr. Sowby has extensive experience in Osteopathic Manipulative Medicine (OMM) which she integrates into her practice of medicine.<\/em><\/div><div class=\"nav fusion-mobile-tab-nav\"><ul class=\"nav-tabs\" role=\"tablist\" aria-orientation=\"vertical\"><li  role=\"presentation\"><a class=\"tab-link\" data-toggle=\"tab\" role=\"tab\" aria-controls=\"tab-fd7e411b1b3037d8455\" aria-selected=\"false\" tabindex=\"-1\" id=\"mobile-fusion-tab-fd7e411b1b3037d8455\" href=\"#tab-fd7e411b1b3037d8455\"><h4 class=\"fusion-tab-heading\"> Research and Academics<\/h4><\/a><\/li><\/ul><\/div><div class=\"tab-pane fade fusion-clearfix\" role=\"tabpanel\" tabindex=\"0\" aria-labelledby=\"fusion-tab-fd7e411b1b3037d8455\" id=\"tab-fd7e411b1b3037d8455\">\n<p><em>Dr. Sowby has authored a number of scientific research papers and was the recipient of an award for the Best Gynecologic Video at the International Conference for the Society of Laparoscopic &amp; Robotic Surgeons. <\/em><\/p>\n<p><em>A dedicated educator, Dr. Sowby was a teaching fellow for Anatomy and Osteopathic Principals and Practice at LMU-DCOM. She continues to share her expertise with medical students, residents, and fellows as a clinical assistant professor at Florida International University Herbert Wertheim College of Medicine. Dr. Sowby has traveled on humanitarian missions to both Ethiopia and Ecuador and is open to new humanitarian and medical mission opportunities.<br \/>\n<\/em><\/p>\n<\/div><\/div><\/div><i class=\"fb-icon-element-1 fb-icon-element fontawesome-icon fa-quote-left fas circle-yes\" style=\"--awb-iconcolor:#01b4b6;--awb-iconcolor-hover:#01b4b6;--awb-circlecolor:rgba(1,180,182,0.2);--awb-circlecolor-hover:rgba(1,180,182,0.2);--awb-circlebordersize:0px;--awb-font-size:21.12px;--awb-width:42.24px;--awb-height:42.24px;--awb-line-height:42.24px;--awb-margin-top:0;--awb-margin-right:0;--awb-margin-bottom:0;--awb-margin-left:0;--awb-align-self:center;\"><\/i><div class=\"testimonial-box-2\">\n    <div class=\"testimonial-info\">\n      \t<p class=\"testimonial-txt\"> \nMy experience was very pleasant. Dr. Sowby was friendly and professional\u2026I drove from Tamarac and it was worth the drive. I would recommend this doctor to anyone. Five-star in my book.\n\t\t<\/p>\n\t\t<p class=\"autor\">Genece T.<\/p>\n    <\/div>\n\n    <div class=\"testimonial-info\">\n      \t<p class=\"testimonial-txt\"> \nI have no words to thank how wonderful and professional Dr. Sowby and her team of nurses are. I was very pleased with the attention that they gave me at Miramar Hospital. I am. very happy with the surgery.\n\t\t<\/p>\n\t\t<p class=\"autor\">Elizabet R.<\/p>\n    <\/div>\n\n    <div class=\"testimonial-info\">\n      \t<p class=\"testimonial-txt\"> \nExcelente doctora, muy humana y cari\u00f1osa con sus pacientes, se toma el tiempo para entender la situaci\u00f3n de cada uno. Ella y el doctor Emery Salom hacen un excelente equipo. Agradecida de todo coraz\u00f3n a los dos por la cirug\u00eda que me realizaron.\n\t\t<\/p>\n\t\t<p class=\"autor\">Yosselyn M.<\/p>\n    <\/div>\n\n<div class=\"testimonial-info\">\n      \t<p class=\"testimonial-txt\"> \nThe staff is so friendly, especially Doc. Sowby\n\t\t<\/p>\n\t\t<p class=\"autor\">Mae S.<\/p>\n    <\/div>\n\n<div class=\"testimonial-info\">\n      \t<p class=\"testimonial-txt\"> \n I was a new patient. The desk staff were very pleasant and check-in and out went smoothly. I really liked Dr. Sowby. She made my visit calm and informative.\n\t\t<\/p>\n\t\t<p class=\"autor\">Tracy S.<\/p>\n    <\/div>\n\n<div class=\"testimonial-info\">\n      \t<p class=\"testimonial-txt\"> \nDr. Taralyn Sowby was absolutely amazing. I live a very non-traditional lifestyle and she was attentive and non-judgmental. Also, her technique was painless, present, and focused.\n\t\t<\/p>\n\t\t<p class=\"autor\">Heather H.<\/p>\n    <\/div>\n\n\n<\/div>\n\n\n<script>\n\njQuery(document).ready(function(){\n  jQuery('.testimonial-box-2').slick({\n    dots: false,\n\tarrows: false,\n\tslidesToShow: 1,\n\tslidesToScroll: 1,\n\tinfinite: true,\n\tautoplay: true,\n    autoplaySpeed: 5000,\n\tcssEase: 'linear'\n  });\n});\n<\/script>\n\n\n<!-- CDN for slick slider -->\n<link rel=\"stylesheet\" type=\"text\/css\" href=\"https:\/\/cdnjs.cloudflare.com\/ajax\/libs\/slick-carousel\/1.8.1\/slick.min.css\">\n<script type=\"text\/javascript\" src=\"https:\/\/cdnjs.cloudflare.com\/ajax\/libs\/slick-carousel\/1.8.1\/slick.min.js\"><\/script><div class=\"fusion-builder-row fusion-builder-row-inner fusion-row fusion-flex-align-items-flex-start fusion-flex-content-wrap\" style=\"--awb-flex-grow:0;--awb-flex-grow-medium:0;--awb-flex-grow-small:0;--awb-flex-shrink:0;--awb-flex-shrink-medium:0;--awb-flex-shrink-small:0;width:104% !important;max-width:104% !important;margin-left: calc(-4% \/ 2 );margin-right: calc(-4% \/ 2 );\"><div class=\"fusion-layout-column fusion_builder_column_inner fusion-builder-nested-column-0 fusion_builder_column_inner_1_2 1_2 fusion-flex-column\" style=\"--awb-bg-size:cover;--awb-width-large:50%;--awb-margin-top-large:0px;--awb-spacing-right-large:3.84%;--awb-margin-bottom-large:0px;--awb-spacing-left-large:3.84%;--awb-width-medium:100%;--awb-order-medium:0;--awb-spacing-right-medium:1.92%;--awb-spacing-left-medium:1.92%;--awb-width-small:100%;--awb-order-small:0;--awb-spacing-right-small:1.92%;--awb-spacing-left-small:1.92%;\"><div class=\"fusion-column-wrapper fusion-column-has-shadow fusion-flex-justify-content-flex-start fusion-content-layout-column\"><div class=\"fusion-title title fusion-title-2 fusion-sep-none fusion-title-text fusion-title-size-two blue-text\" style=\"--awb-margin-top:10px;--awb-margin-bottom:10px;--awb-margin-top-small:0px;--awb-margin-right-small:0px;--awb-margin-bottom-small:20px;--awb-margin-left-small:0px;--awb-font-size:34px;\"><h2 class=\"fusion-title-heading title-heading-left fusion-responsive-typography-calculated\" style=\"margin:0;font-size:1em;--fontSize:34;line-height:1.3;\">Schedule an Appointment Today<\/h2><\/div><\/div><\/div><div class=\"fusion-layout-column fusion_builder_column_inner fusion-builder-nested-column-1 fusion_builder_column_inner_1_2 1_2 fusion-flex-column\" style=\"--awb-bg-size:cover;--awb-width-large:50%;--awb-margin-top-large:0px;--awb-spacing-right-large:3.84%;--awb-margin-bottom-large:0px;--awb-spacing-left-large:3.84%;--awb-width-medium:100%;--awb-order-medium:0;--awb-spacing-right-medium:1.92%;--awb-spacing-left-medium:1.92%;--awb-width-small:100%;--awb-order-small:0;--awb-spacing-right-small:1.92%;--awb-spacing-left-small:1.92%;\"><div class=\"fusion-column-wrapper fusion-column-has-shadow fusion-flex-justify-content-flex-start fusion-content-layout-column\"><div class=\"md-text-align-left sm-text-align-left\" style=\"text-align:center;\"><a class=\"fusion-button button-flat button-xlarge button-custom fusion-button-default button-1 fusion-button-default-span fusion-button-default-type\" style=\"--awb-margin-top:20px;--button_accent_color:#ffffff;--button_border_color:#01b4b6;--button_accent_hover_color:#ffffff;--button_border_hover_color:#01b4b6;--button-border-radius-top-left:5px;--button-border-radius-top-right:5px;--button-border-radius-bottom-right:5px;--button-border-radius-bottom-left:5px;--button_gradient_top_color:#01b4b6;--button_gradient_bottom_color:#01b4b6;--button_gradient_top_color_hover:#01b4b6;--button_gradient_bottom_color_hover:#01b4b6;--button_text_transform:uppercase;\" target=\"_self\" href=\"\/gynecologic-oncology-center\/contact\/\"><i class=\"fa-calendar-check far awb-button__icon awb-button__icon--default button-icon-left\" aria-hidden=\"true\"><\/i><span class=\"fusion-button-text awb-button__text awb-button__text--default\">Book Now<\/span><\/a><\/div><\/div><\/div><\/div><\/div><\/div><\/div><\/div><div class=\"fusion-fullwidth fullwidth-box fusion-builder-row-2 hundred-percent-fullwidth non-hundred-percent-height-scrolling fusion-equal-height-columns wh2footerlogos\" style=\"--awb-border-sizes-top:5px;--awb-border-sizes-bottom:0px;--awb-border-sizes-left:0px;--awb-border-sizes-right:0px;--awb-border-color:#565656;--awb-border-radius-top-left:0px;--awb-border-radius-top-right:0px;--awb-border-radius-bottom-right:0px;--awb-border-radius-bottom-left:0px;--awb-padding-top:0px;--awb-padding-right:0px;--awb-padding-left:0px;--awb-background-color:#f0f3f6;--awb-flex-wrap:wrap;\" ><div class=\"fusion-builder-row fusion-row\"><div class=\"fusion-layout-column fusion_builder_column fusion-builder-column-2 fusion_builder_column_1_2 1_2 fusion-one-half fusion-column-first wh2footerlogo\" style=\"--awb-padding-top:40px;--awb-padding-left:12%;--awb-bg-size:cover;width:50%;width:calc(50% - ( ( 4% ) * 0.5 ) );margin-right: 4%;\"><div class=\"fusion-column-wrapper fusion-column-has-shadow fusion-flex-column-wrapper-legacy\"><div class=\"fusion-column-content-centered\"><div class=\"fusion-column-content\"><div class=\"fusion-image-element in-legacy-container\" style=\"--awb-caption-title-font-family:var(--h2_typography-font-family);--awb-caption-title-font-weight:var(--h2_typography-font-weight);--awb-caption-title-font-style:var(--h2_typography-font-style);--awb-caption-title-size:var(--h2_typography-font-size);--awb-caption-title-transform:var(--h2_typography-text-transform);--awb-caption-title-line-height:var(--h2_typography-line-height);--awb-caption-title-letter-spacing:var(--h2_typography-letter-spacing);\"><span class=\" fusion-imageframe imageframe-none imageframe-2 hover-type-none\"><a class=\"fusion-no-lightbox\" href=\"\/gynecologic-oncology-center\/\" target=\"_self\"><img decoding=\"async\" width=\"270\" height=\"100\" alt=\"The Center for Gynecologic Oncology Logo\" src=\"https:\/\/www.toplinemd.com\/gynecologic-oncology-center\/wp-content\/uploads\/sites\/198\/2021\/06\/The_Center_for_Gynecologic_Oncology_Cobranded_Stacked.png\" class=\"img-responsive wp-image-1085\" srcset=\"https:\/\/www.toplinemd.com\/gynecologic-oncology-center\/wp-content\/uploads\/sites\/198\/2021\/06\/The_Center_for_Gynecologic_Oncology_Cobranded_Stacked-200x74.png 200w, https:\/\/www.toplinemd.com\/gynecologic-oncology-center\/wp-content\/uploads\/sites\/198\/2021\/06\/The_Center_for_Gynecologic_Oncology_Cobranded_Stacked.png 270w\" sizes=\"(max-width: 1000px) 100vw, 270px\" \/><\/a><\/span><\/div><\/div><\/div><div class=\"fusion-clearfix\"><\/div><\/div><\/div><div class=\"fusion-layout-column fusion_builder_column fusion-builder-column-3 fusion_builder_column_1_2 1_2 fusion-one-half fusion-column-last wh2footerlogo\" style=\"--awb-padding-top:40px;--awb-padding-right:4%;--awb-bg-size:cover;width:50%;width:calc(50% - ( ( 4% ) * 0.5 ) );\"><div class=\"fusion-column-wrapper fusion-column-has-shadow fusion-flex-column-wrapper-legacy\"><div class=\"fusion-column-content-centered\"><div class=\"fusion-column-content\"><div class=\"fusion-image-element fusion-image-align-right in-legacy-container\" style=\"text-align:right;--awb-max-width:270px;--awb-caption-title-font-family:var(--h2_typography-font-family);--awb-caption-title-font-weight:var(--h2_typography-font-weight);--awb-caption-title-font-style:var(--h2_typography-font-style);--awb-caption-title-size:var(--h2_typography-font-size);--awb-caption-title-transform:var(--h2_typography-text-transform);--awb-caption-title-line-height:var(--h2_typography-line-height);--awb-caption-title-letter-spacing:var(--h2_typography-letter-spacing);\"><span class=\" fusion-imageframe imageframe-none imageframe-3 hover-type-none\" style=\"margin-left:25px;float:right;\"><a class=\"fusion-no-lightbox\" href=\"https:\/\/www.toplinemd.com\/why-topline-md\/\" target=\"_blank\" aria-label=\"TopLine MD-RegisterR_Stacked_Logo_rgb_color\" rel=\"noopener noreferrer\"><img decoding=\"async\" width=\"1576\" height=\"376\" src=\"https:\/\/www.toplinemd.com\/gynecologic-oncology-center\/wp-content\/uploads\/sites\/198\/2026\/03\/TopLine-MD-RegisterR_Stacked_Logo_rgb_color.png\" alt class=\"img-responsive wp-image-1572\" srcset=\"https:\/\/www.toplinemd.com\/gynecologic-oncology-center\/wp-content\/uploads\/sites\/198\/2026\/03\/TopLine-MD-RegisterR_Stacked_Logo_rgb_color-200x48.png 200w, https:\/\/www.toplinemd.com\/gynecologic-oncology-center\/wp-content\/uploads\/sites\/198\/2026\/03\/TopLine-MD-RegisterR_Stacked_Logo_rgb_color-400x95.png 400w, https:\/\/www.toplinemd.com\/gynecologic-oncology-center\/wp-content\/uploads\/sites\/198\/2026\/03\/TopLine-MD-RegisterR_Stacked_Logo_rgb_color-600x143.png 600w, https:\/\/www.toplinemd.com\/gynecologic-oncology-center\/wp-content\/uploads\/sites\/198\/2026\/03\/TopLine-MD-RegisterR_Stacked_Logo_rgb_color-800x191.png 800w, https:\/\/www.toplinemd.com\/gynecologic-oncology-center\/wp-content\/uploads\/sites\/198\/2026\/03\/TopLine-MD-RegisterR_Stacked_Logo_rgb_color-1200x286.png 1200w, https:\/\/www.toplinemd.com\/gynecologic-oncology-center\/wp-content\/uploads\/sites\/198\/2026\/03\/TopLine-MD-RegisterR_Stacked_Logo_rgb_color.png 1576w\" sizes=\"(max-width: 1000px) 100vw, 600px\" \/><\/a><\/span><\/div><\/div><\/div><div class=\"fusion-clearfix\"><\/div><\/div><\/div><\/div><\/div>\n<\/p>\n","protected":false},"excerpt":{"rendered":"","protected":false},"author":13,"featured_media":0,"parent":0,"menu_order":0,"comment_status":"closed","ping_status":"closed","template":"100-width.php","meta":{"footnotes":"","_links_to":"","_links_to_target":""},"class_list":["post-1423","page","type-page","status-publish","hentry"],"aioseo_notices":[],"_links":{"self":[{"href":"https:\/\/www.toplinemd.com\/gynecologic-oncology-center\/wp-json\/wp\/v2\/pages\/1423","targetHints":{"allow":["GET"]}}],"collection":[{"href":"https:\/\/www.toplinemd.com\/gynecologic-oncology-center\/wp-json\/wp\/v2\/pages"}],"about":[{"href":"https:\/\/www.toplinemd.com\/gynecologic-oncology-center\/wp-json\/wp\/v2\/types\/page"}],"author":[{"embeddable":true,"href":"https:\/\/www.toplinemd.com\/gynecologic-oncology-center\/wp-json\/wp\/v2\/users\/13"}],"replies":[{"embeddable":true,"href":"https:\/\/www.toplinemd.com\/gynecologic-oncology-center\/wp-json\/wp\/v2\/comments?post=1423"}],"version-history":[{"count":0,"href":"https:\/\/www.toplinemd.com\/gynecologic-oncology-center\/wp-json\/wp\/v2\/pages\/1423\/revisions"}],"wp:attachment":[{"href":"https:\/\/www.toplinemd.com\/gynecologic-oncology-center\/wp-json\/wp\/v2\/media?parent=1423"}],"curies":[{"name":"wp","href":"https:\/\/api.w.org\/{rel}","templated":true}]}}