{"id":2337,"date":"2020-04-28T13:11:32","date_gmt":"2020-04-28T13:11:32","guid":{"rendered":"https:\/\/www.toplinemd.com\/happy-kids-pediatric-clinic-of-broward\/?page_id=2337"},"modified":"2020-04-28T13:11:32","modified_gmt":"2020-04-28T13:11:32","slug":"new-moms-english-spanish","status":"publish","type":"page","link":"https:\/\/www.toplinemd.com\/happy-kids-pediatric-clinic-of-broward\/new-moms-english-spanish\/","title":{"rendered":"New Moms &#8211; English + Spanish"},"content":{"rendered":"<p><div class=\"fusion-fullwidth fullwidth-box fusion-builder-row-1 nonhundred-percent-fullwidth non-hundred-percent-height-scrolling\" style=\"--awb-border-radius-top-left:0px;--awb-border-radius-top-right:0px;--awb-border-radius-bottom-right:0px;--awb-border-radius-bottom-left:0px;--awb-flex-wrap:wrap;\" ><div class=\"fusion-builder-row fusion-row\"><div class=\"fusion-layout-column fusion_builder_column fusion-builder-column-0 fusion_builder_column_1_1 1_1 fusion-one-full fusion-column-first fusion-column-last\" style=\"--awb-bg-size:cover;\"><div class=\"fusion-column-wrapper fusion-column-has-shadow fusion-flex-column-wrapper-legacy\"><div class=\"fusion-text fusion-text-1\"><h1 style=\"color: #3c3f47;\">New Moms<\/h1>\n<\/div><div class=\"fusion-text fusion-text-2\"><p><strong>What are you expecting? <\/strong><\/p>\n<p>Having a baby is one of the most exciting times in your life. Nothing is more rewarding than the privilege of caring for this new life and providing an environment in which both you and your child will thrive and develop.<\/p>\n<p>Most expectant parents find it helpful to schedule a prenatal conference. It gives us the chance to get to know each other and discuss important issue before the baby is born. Please feel free to contact our office to arrange an appointment.<\/p>\n<p><strong>Services for new moms<\/strong>:<\/p>\n<ul>\n<li>Prenatal counseling<\/li>\n<li>Hospital visit upon birth of child<\/li>\n<li>A dedicated physician for your child\u2019s care<\/li>\n<li>Always a doctor on call<\/li>\n<\/ul>\n<p><strong>Which hospitals does Dr Mejia go to?<\/strong><\/p>\n<p>Dr. Mejia visits Broward Health Coral Spring and North West Medical center. If you do not deliver at one of these hospitals, please call our office when discharged to schedule an appointment for 1-3 days following discharge.<\/p>\n<\/div><div class=\"fusion-clearfix\"><\/div><\/div><\/div><\/div><\/div><div class=\"fusion-fullwidth fullwidth-box fusion-builder-row-2 nonhundred-percent-fullwidth non-hundred-percent-height-scrolling\" style=\"--awb-border-radius-top-left:0px;--awb-border-radius-top-right:0px;--awb-border-radius-bottom-right:0px;--awb-border-radius-bottom-left:0px;--awb-flex-wrap:wrap;\" ><div class=\"fusion-builder-row fusion-row\"><div class=\"fusion-layout-column fusion_builder_column fusion-builder-column-1 fusion_builder_column_1_1 1_1 fusion-one-full fusion-column-first fusion-column-last\" style=\"--awb-bg-size:cover;\"><div class=\"fusion-column-wrapper fusion-column-has-shadow fusion-flex-column-wrapper-legacy\"><div class=\"fusion-text fusion-text-3\"><h2 style=\"color: #3c3f47;\">Nuevas mam\u00e1s<\/h2>\n<\/div><div class=\"fusion-text fusion-text-4\"><p><strong>\u00bfQu\u00e9 est\u00e1s esperando?<\/strong><\/p>\n<p>Tener un beb\u00e9 es uno de los momentos m\u00e1s emocionantes de tu vida. Nada es m\u00e1s gratificante que el privilegio de cuidar esta nueva vida y brindar un entorno en el que tanto usted como su hijo prosperen y se desarrollen.<\/p>\n<p>A la mayor\u00eda de los padres en espera les resulta \u00fatil programar una conferencia prenatal. Nos da la oportunidad de conocernos y discutir temas importantes antes de que nazca el beb\u00e9. Por favor, no dude en ponerse en contacto con nuestra oficina para planificar una cita.<\/p>\n<p><strong>Servicios<\/strong><\/p>\n<ul>\n<li>Asesoramiento prenatal<\/li>\n<li>Visita al hospital al nacer el ni\u00f1o.<\/li>\n<li>Un m\u00e9dico dedicado para el cuidado de su hijo.<\/li>\n<li>Siempre un m\u00e9dico de guardia<\/li>\n<\/ul>\n<p><strong>\u00bfA qu\u00e9 hospitales acude la doctora Mej\u00eda? <\/strong><\/p>\n<p>La Dra. Mej\u00eda visita Broward Health Coral Spring y el Centro M\u00e9dico North West. Si su parto no est\u00e1 programado para unos de estos hospitales, llame a nuestra oficina cuando sea dado de alta para programar una cita para 1-3 d\u00edas despu\u00e9s del alta.<\/p>\n<\/div><div class=\"fusion-clearfix\"><\/div><\/div><\/div><\/div><\/div><\/p>\n","protected":false},"excerpt":{"rendered":"","protected":false},"author":13,"featured_media":0,"parent":0,"menu_order":0,"comment_status":"closed","ping_status":"closed","template":"","meta":{"footnotes":"","_links_to":"","_links_to_target":""},"class_list":["post-2337","page","type-page","status-publish","hentry"],"aioseo_notices":[],"_links":{"self":[{"href":"https:\/\/www.toplinemd.com\/happy-kids-pediatric-clinic-of-broward\/wp-json\/wp\/v2\/pages\/2337","targetHints":{"allow":["GET"]}}],"collection":[{"href":"https:\/\/www.toplinemd.com\/happy-kids-pediatric-clinic-of-broward\/wp-json\/wp\/v2\/pages"}],"about":[{"href":"https:\/\/www.toplinemd.com\/happy-kids-pediatric-clinic-of-broward\/wp-json\/wp\/v2\/types\/page"}],"author":[{"embeddable":true,"href":"https:\/\/www.toplinemd.com\/happy-kids-pediatric-clinic-of-broward\/wp-json\/wp\/v2\/users\/13"}],"replies":[{"embeddable":true,"href":"https:\/\/www.toplinemd.com\/happy-kids-pediatric-clinic-of-broward\/wp-json\/wp\/v2\/comments?post=2337"}],"version-history":[{"count":0,"href":"https:\/\/www.toplinemd.com\/happy-kids-pediatric-clinic-of-broward\/wp-json\/wp\/v2\/pages\/2337\/revisions"}],"wp:attachment":[{"href":"https:\/\/www.toplinemd.com\/happy-kids-pediatric-clinic-of-broward\/wp-json\/wp\/v2\/media?parent=2337"}],"curies":[{"name":"wp","href":"https:\/\/api.w.org\/{rel}","templated":true}]}}