{"id":2338,"date":"2020-04-28T13:15:32","date_gmt":"2020-04-28T13:15:32","guid":{"rendered":"https:\/\/www.toplinemd.com\/happy-kids-pediatric-clinic-of-broward\/?page_id=2338"},"modified":"2020-10-05T12:31:42","modified_gmt":"2020-10-05T12:31:42","slug":"faq-english-spanish","status":"publish","type":"page","link":"https:\/\/www.toplinemd.com\/happy-kids-pediatric-clinic-of-broward\/faq-english-spanish\/","title":{"rendered":"FAQ &#8211; English + Spanish"},"content":{"rendered":"<p><div class=\"fusion-fullwidth fullwidth-box fusion-builder-row-1 nonhundred-percent-fullwidth non-hundred-percent-height-scrolling\" style=\"--awb-border-radius-top-left:0px;--awb-border-radius-top-right:0px;--awb-border-radius-bottom-right:0px;--awb-border-radius-bottom-left:0px;--awb-flex-wrap:wrap;\" ><div class=\"fusion-builder-row fusion-row\"><div class=\"fusion-layout-column fusion_builder_column fusion-builder-column-0 fusion_builder_column_1_1 1_1 fusion-one-full fusion-column-first fusion-column-last\" style=\"--awb-bg-size:cover;\"><div class=\"fusion-column-wrapper fusion-column-has-shadow fusion-flex-column-wrapper-legacy\"><div class=\"fusion-text fusion-text-1\"><h1 style=\"color: #3c3f47;\">FAQ<\/h1>\n<\/div><div class=\"fusion-text fusion-text-2\"><h3 style=\"color: #3c3f47;\">FAQ &#8211; English:<\/h3>\n<\/div><div class=\"accordian fusion-accordian\" style=\"--awb-border-size:1px;--awb-icon-size:13px;--awb-content-font-size:18px;--awb-icon-alignment:left;--awb-hover-color:#f9f9f9;--awb-border-color:#8b8c97;--awb-background-color:#ffffff;--awb-divider-color:#5e6276;--awb-divider-hover-color:#5e6276;--awb-icon-color:#ffffff;--awb-title-color:#C10A74;--awb-content-color:#3c3f47;--awb-icon-box-color:#5f616f;--awb-toggle-hover-accent-color:#c10a74;--awb-title-font-family:&quot;Montserrat&quot;;--awb-title-font-weight:400;--awb-title-font-style:normal;--awb-title-font-size:16px;--awb-content-font-family:&quot;Montserrat&quot;;--awb-content-font-style:normal;--awb-content-font-weight:regular;\"><div class=\"panel-group fusion-toggle-icon-boxed\" id=\"accordion-2338-1\"><div class=\"fusion-panel panel-default panel-850c1dbab4109b10b fusion-toggle-has-divider\"><div class=\"panel-heading\"><h4 class=\"panel-title toggle\" id=\"toggle_850c1dbab4109b10b\"><a aria-expanded=\"false\" aria-controls=\"850c1dbab4109b10b\" role=\"button\" data-toggle=\"collapse\" data-parent=\"#accordion-2338-1\" data-target=\"#850c1dbab4109b10b\" href=\"#850c1dbab4109b10b\"><span class=\"fusion-toggle-icon-wrapper\" aria-hidden=\"true\"><i class=\"fa-fusion-box active-icon awb-icon-minus\" aria-hidden=\"true\"><\/i><i class=\"fa-fusion-box inactive-icon awb-icon-plus\" aria-hidden=\"true\"><\/i><\/span><span class=\"fusion-toggle-heading\">Will there always be someone to pick up the office phone?<\/span><\/a><\/h4><\/div><div id=\"850c1dbab4109b10b\" class=\"panel-collapse collapse \" aria-labelledby=\"toggle_850c1dbab4109b10b\"><div class=\"panel-body toggle-content fusion-clearfix\">\n<p>Yes, during office hours, Happy kids\u2019 Pediatric Clinic does not use a voice prompt message.<\/p>\n<p>After hours, as opposed to an answering service, after hours phone is transferred to Dr. Mejia\u2019s cellphone. Dr. Mejia can be reached at all time in the event of an urgent concern.<\/p>\n<\/div><\/div><\/div><div class=\"fusion-panel panel-default panel-5a8a6529ac6645f09 fusion-toggle-has-divider\"><div class=\"panel-heading\"><h4 class=\"panel-title toggle\" id=\"toggle_5a8a6529ac6645f09\"><a aria-expanded=\"false\" aria-controls=\"5a8a6529ac6645f09\" role=\"button\" data-toggle=\"collapse\" data-parent=\"#accordion-2338-1\" data-target=\"#5a8a6529ac6645f09\" href=\"#5a8a6529ac6645f09\"><span class=\"fusion-toggle-icon-wrapper\" aria-hidden=\"true\"><i class=\"fa-fusion-box active-icon awb-icon-minus\" aria-hidden=\"true\"><\/i><i class=\"fa-fusion-box inactive-icon awb-icon-plus\" aria-hidden=\"true\"><\/i><\/span><span class=\"fusion-toggle-heading\">Do you have weekend hours?<\/span><\/a><\/h4><\/div><div id=\"5a8a6529ac6645f09\" class=\"panel-collapse collapse \" aria-labelledby=\"toggle_5a8a6529ac6645f09\"><div class=\"panel-body toggle-content fusion-clearfix\">\n<p>We offer Saturday morning hours several times per month for emergencies and working families.<\/p>\n<\/div><\/div><\/div><div class=\"fusion-panel panel-default panel-d4991aaf69ae24ecd fusion-toggle-has-divider\"><div class=\"panel-heading\"><h4 class=\"panel-title toggle\" id=\"toggle_d4991aaf69ae24ecd\"><a aria-expanded=\"false\" aria-controls=\"d4991aaf69ae24ecd\" role=\"button\" data-toggle=\"collapse\" data-parent=\"#accordion-2338-1\" data-target=\"#d4991aaf69ae24ecd\" href=\"#d4991aaf69ae24ecd\"><span class=\"fusion-toggle-icon-wrapper\" aria-hidden=\"true\"><i class=\"fa-fusion-box active-icon awb-icon-minus\" aria-hidden=\"true\"><\/i><i class=\"fa-fusion-box inactive-icon awb-icon-plus\" aria-hidden=\"true\"><\/i><\/span><span class=\"fusion-toggle-heading\">Do you offer same day sick for your patients?<\/span><\/a><\/h4><\/div><div id=\"d4991aaf69ae24ecd\" class=\"panel-collapse collapse \" aria-labelledby=\"toggle_d4991aaf69ae24ecd\"><div class=\"panel-body toggle-content fusion-clearfix\">\n<p>Yes, we offer same day sick visit appointments.<\/p>\n<\/div><\/div><\/div><div class=\"fusion-panel panel-default panel-41c17cc1460803ba0 fusion-toggle-has-divider\"><div class=\"panel-heading\"><h4 class=\"panel-title toggle\" id=\"toggle_41c17cc1460803ba0\"><a aria-expanded=\"false\" aria-controls=\"41c17cc1460803ba0\" role=\"button\" data-toggle=\"collapse\" data-parent=\"#accordion-2338-1\" data-target=\"#41c17cc1460803ba0\" href=\"#41c17cc1460803ba0\"><span class=\"fusion-toggle-icon-wrapper\" aria-hidden=\"true\"><i class=\"fa-fusion-box active-icon awb-icon-minus\" aria-hidden=\"true\"><\/i><i class=\"fa-fusion-box inactive-icon awb-icon-plus\" aria-hidden=\"true\"><\/i><\/span><span class=\"fusion-toggle-heading\">How often do I need to bring my child in for a checkup?<\/span><\/a><\/h4><\/div><div id=\"41c17cc1460803ba0\" class=\"panel-collapse collapse \" aria-labelledby=\"toggle_41c17cc1460803ba0\"><div class=\"panel-body toggle-content fusion-clearfix\">\n<p>During your baby\u2019s first year, regular office examinations will be scheduled at approximately age 1-3 days, 1-2 weeks, 1 month, 2 months, 4 months, 6 months, 9 months and 1 year. Immunizations will be given in order to prevent certain diseases and other test will be done at appropriate times.<\/p>\n<\/div><\/div><\/div><\/div><\/div><div class=\"fusion-clearfix\"><\/div><\/div><\/div><\/div><\/div><div class=\"fusion-fullwidth fullwidth-box fusion-builder-row-2 nonhundred-percent-fullwidth non-hundred-percent-height-scrolling\" style=\"--awb-border-radius-top-left:0px;--awb-border-radius-top-right:0px;--awb-border-radius-bottom-right:0px;--awb-border-radius-bottom-left:0px;--awb-flex-wrap:wrap;\" ><div class=\"fusion-builder-row fusion-row\"><div class=\"fusion-layout-column fusion_builder_column fusion-builder-column-1 fusion_builder_column_1_1 1_1 fusion-one-full fusion-column-first fusion-column-last\" style=\"--awb-bg-size:cover;\"><div class=\"fusion-column-wrapper fusion-column-has-shadow fusion-flex-column-wrapper-legacy\"><div class=\"fusion-text fusion-text-3\"><h3 style=\"color: #3c3f47;\">FAQ &#8211; Spanish:<\/h3>\n<\/div><div class=\"accordian fusion-accordian\" style=\"--awb-border-size:1px;--awb-icon-size:13px;--awb-content-font-size:18px;--awb-icon-alignment:left;--awb-hover-color:#f9f9f9;--awb-border-color:#8b8c97;--awb-background-color:#ffffff;--awb-divider-color:#5e6276;--awb-divider-hover-color:#5e6276;--awb-icon-color:#ffffff;--awb-title-color:#C10A74;--awb-content-color:#3c3f47;--awb-icon-box-color:#5f616f;--awb-toggle-hover-accent-color:#c10a74;--awb-title-font-family:&quot;Montserrat&quot;;--awb-title-font-weight:400;--awb-title-font-style:normal;--awb-title-font-size:16px;--awb-content-font-family:&quot;Montserrat&quot;;--awb-content-font-style:normal;--awb-content-font-weight:regular;\"><div class=\"panel-group fusion-toggle-icon-boxed\" id=\"accordion-2338-2\"><div class=\"fusion-panel panel-default panel-38930d7489dbb2eb2 fusion-toggle-has-divider\"><div class=\"panel-heading\"><h4 class=\"panel-title toggle\" id=\"toggle_38930d7489dbb2eb2\"><a aria-expanded=\"false\" aria-controls=\"38930d7489dbb2eb2\" role=\"button\" data-toggle=\"collapse\" data-parent=\"#accordion-2338-2\" data-target=\"#38930d7489dbb2eb2\" href=\"#38930d7489dbb2eb2\"><span class=\"fusion-toggle-icon-wrapper\" aria-hidden=\"true\"><i class=\"fa-fusion-box active-icon awb-icon-minus\" aria-hidden=\"true\"><\/i><i class=\"fa-fusion-box inactive-icon awb-icon-plus\" aria-hidden=\"true\"><\/i><\/span><span class=\"fusion-toggle-heading\">\u00bfSiempre habr\u00e1 alguien para contestar las llamadas de la oficina?<\/span><\/a><\/h4><\/div><div id=\"38930d7489dbb2eb2\" class=\"panel-collapse collapse \" aria-labelledby=\"toggle_38930d7489dbb2eb2\"><div class=\"panel-body toggle-content fusion-clearfix\">\n<p>S\u00ed, durante las horas de oficina, Happy kids\u2019 Pediatric Clinic no usa un mensaje de voz. Despu\u00e9s de las horas de oficina, las llamadas al tel\u00e9fono se transfieren al tel\u00e9fono celular de la Dra. Se puede contactar a la Dra. Mej\u00eda en todo momento en caso de una inquietud urgente.<\/p>\n<\/div><\/div><\/div><div class=\"fusion-panel panel-default panel-f3a8385b4f64e8920 fusion-toggle-has-divider\"><div class=\"panel-heading\"><h4 class=\"panel-title toggle\" id=\"toggle_f3a8385b4f64e8920\"><a aria-expanded=\"false\" aria-controls=\"f3a8385b4f64e8920\" role=\"button\" data-toggle=\"collapse\" data-parent=\"#accordion-2338-2\" data-target=\"#f3a8385b4f64e8920\" href=\"#f3a8385b4f64e8920\"><span class=\"fusion-toggle-icon-wrapper\" aria-hidden=\"true\"><i class=\"fa-fusion-box active-icon awb-icon-minus\" aria-hidden=\"true\"><\/i><i class=\"fa-fusion-box inactive-icon awb-icon-plus\" aria-hidden=\"true\"><\/i><\/span><span class=\"fusion-toggle-heading\">\u00bfTrabajan en horas de fin de semana?<\/span><\/a><\/h4><\/div><div id=\"f3a8385b4f64e8920\" class=\"panel-collapse collapse \" aria-labelledby=\"toggle_f3a8385b4f64e8920\"><div class=\"panel-body toggle-content fusion-clearfix\">\n<p>Ofrecemos servicios s\u00e1bados por la ma\u00f1ana varias veces al mes para emergencias y familias trabajadoras.<\/p>\n<\/div><\/div><\/div><div class=\"fusion-panel panel-default panel-169de6424d5fc7ffd fusion-toggle-has-divider\"><div class=\"panel-heading\"><h4 class=\"panel-title toggle\" id=\"toggle_169de6424d5fc7ffd\"><a aria-expanded=\"false\" aria-controls=\"169de6424d5fc7ffd\" role=\"button\" data-toggle=\"collapse\" data-parent=\"#accordion-2338-2\" data-target=\"#169de6424d5fc7ffd\" href=\"#169de6424d5fc7ffd\"><span class=\"fusion-toggle-icon-wrapper\" aria-hidden=\"true\"><i class=\"fa-fusion-box active-icon awb-icon-minus\" aria-hidden=\"true\"><\/i><i class=\"fa-fusion-box inactive-icon awb-icon-plus\" aria-hidden=\"true\"><\/i><\/span><span class=\"fusion-toggle-heading\">\u00bfOfrecen citas del mismo d\u00eda para sus pacientes?<\/span><\/a><\/h4><\/div><div id=\"169de6424d5fc7ffd\" class=\"panel-collapse collapse \" aria-labelledby=\"toggle_169de6424d5fc7ffd\"><div class=\"panel-body toggle-content fusion-clearfix\">\n<p>S\u00ed, ofrecemos citas del mismo d\u00eda para enfermos.<\/p>\n<\/div><\/div><\/div><div class=\"fusion-panel panel-default panel-118be2130b1bb10e1 fusion-toggle-has-divider\"><div class=\"panel-heading\"><h4 class=\"panel-title toggle\" id=\"toggle_118be2130b1bb10e1\"><a aria-expanded=\"false\" aria-controls=\"118be2130b1bb10e1\" role=\"button\" data-toggle=\"collapse\" data-parent=\"#accordion-2338-2\" data-target=\"#118be2130b1bb10e1\" href=\"#118be2130b1bb10e1\"><span class=\"fusion-toggle-icon-wrapper\" aria-hidden=\"true\"><i class=\"fa-fusion-box active-icon awb-icon-minus\" aria-hidden=\"true\"><\/i><i class=\"fa-fusion-box inactive-icon awb-icon-plus\" aria-hidden=\"true\"><\/i><\/span><span class=\"fusion-toggle-heading\">\u00bfCon qu\u00e9 frecuencia debo traer a mi hijo para un chequeo?<\/span><\/a><\/h4><\/div><div id=\"118be2130b1bb10e1\" class=\"panel-collapse collapse \" aria-labelledby=\"toggle_118be2130b1bb10e1\"><div class=\"panel-body toggle-content fusion-clearfix\">\n<p>Durante el primer a\u00f1o de su beb\u00e9, los ex\u00e1menes regulares en la oficina se programar\u00e1n a la edad aproximada de 1-3 d\u00edas, 1 a 2 semanas, 1 mes, 2 meses, 4 meses, 6 meses, 9 meses y 1 a\u00f1o. Se administrar\u00e1n vacunas para prevenir ciertas enfermedades y se realizar\u00e1n otras pruebas en los momentos apropiados.<\/p>\n<\/div><\/div><\/div><\/div><\/div><div class=\"fusion-clearfix\"><\/div><\/div><\/div><\/div><\/div><\/p>\n","protected":false},"excerpt":{"rendered":"","protected":false},"author":13,"featured_media":0,"parent":0,"menu_order":0,"comment_status":"closed","ping_status":"closed","template":"","meta":{"footnotes":"","_links_to":"","_links_to_target":""},"class_list":["post-2338","page","type-page","status-publish","hentry"],"aioseo_notices":[],"_links":{"self":[{"href":"https:\/\/www.toplinemd.com\/happy-kids-pediatric-clinic-of-broward\/wp-json\/wp\/v2\/pages\/2338","targetHints":{"allow":["GET"]}}],"collection":[{"href":"https:\/\/www.toplinemd.com\/happy-kids-pediatric-clinic-of-broward\/wp-json\/wp\/v2\/pages"}],"about":[{"href":"https:\/\/www.toplinemd.com\/happy-kids-pediatric-clinic-of-broward\/wp-json\/wp\/v2\/types\/page"}],"author":[{"embeddable":true,"href":"https:\/\/www.toplinemd.com\/happy-kids-pediatric-clinic-of-broward\/wp-json\/wp\/v2\/users\/13"}],"replies":[{"embeddable":true,"href":"https:\/\/www.toplinemd.com\/happy-kids-pediatric-clinic-of-broward\/wp-json\/wp\/v2\/comments?post=2338"}],"version-history":[{"count":0,"href":"https:\/\/www.toplinemd.com\/happy-kids-pediatric-clinic-of-broward\/wp-json\/wp\/v2\/pages\/2338\/revisions"}],"wp:attachment":[{"href":"https:\/\/www.toplinemd.com\/happy-kids-pediatric-clinic-of-broward\/wp-json\/wp\/v2\/media?parent=2338"}],"curies":[{"name":"wp","href":"https:\/\/api.w.org\/{rel}","templated":true}]}}