{"id":1203,"date":"2021-11-19T09:10:00","date_gmt":"2021-11-19T09:10:00","guid":{"rendered":"https:\/\/www.toplinemd.com\/myendo-health\/?page_id=1203"},"modified":"2021-11-19T09:14:05","modified_gmt":"2021-11-19T09:14:05","slug":"international-patients","status":"publish","type":"page","link":"https:\/\/www.toplinemd.com\/myendo-health\/international-patients\/","title":{"rendered":"International Patients"},"content":{"rendered":"<p><div class=\"fusion-fullwidth fullwidth-box fusion-builder-row-1 fusion-flex-container fusion-parallax-none hundred-percent-fullwidth non-hundred-percent-height-scrolling\" style=\"--awb-border-radius-top-left:0px;--awb-border-radius-top-right:0px;--awb-border-radius-bottom-right:0px;--awb-border-radius-bottom-left:0px;--awb-min-height:345px;--awb-background-image:url(&quot;https:\/\/www.toplinemd.com\/myendo-health\/wp-content\/uploads\/sites\/239\/2021\/11\/INTERNATIONAL2.jpg&quot;);--awb-background-size:cover;--awb-flex-wrap:wrap;\" ><div class=\"fusion-builder-row fusion-row fusion-flex-align-items-flex-start fusion-flex-content-wrap\" style=\"width:104% !important;max-width:104% !important;margin-left: calc(-4% \/ 2 );margin-right: calc(-4% \/ 2 );\"><div class=\"fusion-layout-column fusion_builder_column fusion-builder-column-0 fusion_builder_column_1_1 1_1 fusion-flex-column\" style=\"--awb-bg-size:cover;--awb-width-large:100%;--awb-margin-top-large:0px;--awb-spacing-right-large:1.92%;--awb-margin-bottom-large:30px;--awb-spacing-left-large:1.92%;--awb-width-medium:100%;--awb-order-medium:0;--awb-spacing-right-medium:1.92%;--awb-spacing-left-medium:1.92%;--awb-width-small:100%;--awb-order-small:0;--awb-spacing-right-small:1.92%;--awb-spacing-left-small:1.92%;\"><div class=\"fusion-column-wrapper fusion-column-has-shadow fusion-flex-justify-content-flex-start fusion-content-layout-column\"><\/div><\/div><\/div><\/div><div class=\"fusion-fullwidth fullwidth-box fusion-builder-row-2 fusion-flex-container nonhundred-percent-fullwidth non-hundred-percent-height-scrolling\" style=\"--awb-border-radius-top-left:0px;--awb-border-radius-top-right:0px;--awb-border-radius-bottom-right:0px;--awb-border-radius-bottom-left:0px;--awb-padding-top:50px;--awb-padding-bottom:50px;--awb-flex-wrap:wrap;\" ><div class=\"fusion-builder-row fusion-row fusion-flex-align-items-flex-start fusion-flex-content-wrap\" style=\"max-width:1216.8px;margin-left: calc(-4% \/ 2 );margin-right: calc(-4% \/ 2 );\"><div class=\"fusion-layout-column fusion_builder_column fusion-builder-column-1 fusion_builder_column_3_4 3_4 fusion-flex-column\" style=\"--awb-bg-size:cover;--awb-width-large:75%;--awb-margin-top-large:0px;--awb-spacing-right-large:2.56%;--awb-margin-bottom-large:30px;--awb-spacing-left-large:2.56%;--awb-width-medium:100%;--awb-order-medium:0;--awb-spacing-right-medium:1.92%;--awb-spacing-left-medium:1.92%;--awb-width-small:100%;--awb-order-small:0;--awb-spacing-right-small:1.92%;--awb-spacing-left-small:1.92%;\"><div class=\"fusion-column-wrapper fusion-column-has-shadow fusion-flex-justify-content-flex-start fusion-content-layout-column\"><div class=\"fusion-title title fusion-title-1 fusion-sep-none fusion-title-text fusion-title-size-one\" style=\"--awb-margin-bottom:30px;--awb-margin-top-small:0px;--awb-margin-right-small:0px;--awb-margin-bottom-small:20px;--awb-margin-left-small:0px;\"><h1 class=\"fusion-title-heading title-heading-left fusion-responsive-typography-calculated\" style=\"margin:0;--fontSize:39;line-height:1.1;\">International Patients<\/h1><\/div><div class=\"fusion-tabs fusion-tabs-1 classic nav-not-justified horizontal-tabs icon-position-left mobile-mode-accordion\" style=\"--awb-title-border-radius-top-left:0px;--awb-title-border-radius-top-right:0px;--awb-title-border-radius-bottom-right:0px;--awb-title-border-radius-bottom-left:0px;--awb-inactive-color:#ffffff;--awb-background-color:#ffffff;--awb-border-color:#ebeaea;--awb-active-border-color:#ff8400;\"><div class=\"nav\"><ul class=\"nav-tabs\" role=\"tablist\" aria-orientation=\"horizontal\"><li class=\"active\" role=\"presentation\"><a class=\"tab-link\" data-toggle=\"tab\" role=\"tab\" aria-controls=\"tab-a5b6872d250bc8e3dec\" aria-selected=\"true\" tabindex=\"0\" id=\"fusion-tab-a5b6872d250bc8e3dec\" href=\"#tab-a5b6872d250bc8e3dec\"><h4 class=\"fusion-tab-heading\">English<\/h4><\/a><\/li><li  role=\"presentation\"><a class=\"tab-link\" data-toggle=\"tab\" role=\"tab\" aria-controls=\"tab-c3e486bea4f60a965e9\" aria-selected=\"false\" tabindex=\"-1\" id=\"fusion-tab-c3e486bea4f60a965e9\" href=\"#tab-c3e486bea4f60a965e9\"><h4 class=\"fusion-tab-heading\">Espa\u00f1ol<\/h4><\/a><\/li><\/ul><\/div><div class=\"tab-content\"><div class=\"nav fusion-mobile-tab-nav\"><ul class=\"nav-tabs\" role=\"tablist\" aria-orientation=\"horizontal\"><li class=\"active\" role=\"presentation\"><a class=\"tab-link\" data-toggle=\"tab\" role=\"tab\" aria-controls=\"tab-a5b6872d250bc8e3dec\" aria-selected=\"true\" tabindex=\"0\" id=\"mobile-fusion-tab-a5b6872d250bc8e3dec\" href=\"#tab-a5b6872d250bc8e3dec\"><h4 class=\"fusion-tab-heading\">English<\/h4><\/a><\/li><\/ul><\/div><div class=\"tab-pane fade fusion-clearfix in active\" role=\"tabpanel\" tabindex=\"0\" aria-labelledby=\"fusion-tab-a5b6872d250bc8e3dec\" id=\"tab-a5b6872d250bc8e3dec\">\n<h3>My Endo Health international<\/h3>\n<p>Your <strong>MyEndo-Health International<\/strong> coordinator will make sure you and your family have access to our state-of-the art technology, and compassionate care in Person or Virtual.<\/p>\n<p>INTERNATIONAL SELF-PAY PATIENTS<br \/>\nMembers of our Financial team will provide patients with Bundled Package Pricing for the services they are expected to receive. The patient must submit the payment prior to receiving the services.<\/p>\n<p>INTERNATIONAL INSURED PATIENTS<br \/>\nWe do not work directly with international insurance. However, after your visit you will be provided with a receipt to process the claim with your insurance and receive the reimbursement if applicable.<\/p>\n<p>To request an appointment send an email to: <strong>info@myendo-health.com<\/strong><\/p>\n<\/div><div class=\"nav fusion-mobile-tab-nav\"><ul class=\"nav-tabs\" role=\"tablist\" aria-orientation=\"horizontal\"><li  role=\"presentation\"><a class=\"tab-link\" data-toggle=\"tab\" role=\"tab\" aria-controls=\"tab-c3e486bea4f60a965e9\" aria-selected=\"false\" tabindex=\"-1\" id=\"mobile-fusion-tab-c3e486bea4f60a965e9\" href=\"#tab-c3e486bea4f60a965e9\"><h4 class=\"fusion-tab-heading\">Espa\u00f1ol<\/h4><\/a><\/li><\/ul><\/div><div class=\"tab-pane fade fusion-clearfix\" role=\"tabpanel\" tabindex=\"0\" aria-labelledby=\"fusion-tab-c3e486bea4f60a965e9\" id=\"tab-c3e486bea4f60a965e9\">\n<h3>My Endo Health internacional<\/h3>\n<p>Su coordinador de <strong>MyEndo-Health International<\/strong> se asegurar\u00e1 de que usted y su familia tengan acceso a nuestra tecnolog\u00eda de punta y atenci\u00f3n compasiva en persona o de forma virtual.<\/p>\n<p>PACIENTES INTERNACIONALES SIN SEGURO<br \/>\nLos miembros de nuestro equipo financiero proporcionar\u00e1n a los pacientes precios de paquetes combinados para los servicios que se espera que reciban. El paciente debe enviar el pago antes de recibir los servicios.<\/p>\n<p>PACIENTES ASEGURADOS INTERNACIONALES<br \/>\nNo trabajamos directamente con seguros internacionales. Sin embargo, despu\u00e9s de su visita, se le proporcionar\u00e1 un recibo para procesar el reclamo con su seguro y recibir el reembolso si corresponde.<\/p>\n<p>Para solicitar una cita env\u00ede un correo electr\u00f3nico a: <strong>info@myendo-health.com<\/strong><\/p>\n<\/div><\/div><\/div><\/div><\/div><div class=\"fusion-layout-column fusion_builder_column fusion-builder-column-2 fusion_builder_column_1_4 1_4 fusion-flex-column\" style=\"--awb-bg-size:cover;--awb-width-large:25%;--awb-margin-top-large:0px;--awb-spacing-right-large:7.68%;--awb-margin-bottom-large:0px;--awb-spacing-left-large:7.68%;--awb-width-medium:100%;--awb-order-medium:0;--awb-spacing-right-medium:1.92%;--awb-spacing-left-medium:1.92%;--awb-width-small:100%;--awb-order-small:0;--awb-spacing-right-small:1.92%;--awb-spacing-left-small:1.92%;\"><div class=\"fusion-column-wrapper fusion-column-has-shadow fusion-flex-justify-content-flex-start fusion-content-layout-column\"><div class=\"fusion-builder-row fusion-builder-row-inner fusion-row fusion-flex-align-items-flex-start fusion-flex-content-wrap\" style=\"--awb-flex-grow:0;--awb-flex-grow-medium:0;--awb-flex-grow-small:0;--awb-flex-shrink:0;--awb-flex-shrink-medium:0;--awb-flex-shrink-small:0;width:104% !important;max-width:104% !important;margin-left: calc(-4% \/ 2 );margin-right: calc(-4% \/ 2 );\"><div class=\"fusion-layout-column fusion_builder_column_inner fusion-builder-nested-column-0 fusion_builder_column_inner_1_1 1_1 fusion-flex-column\" style=\"--awb-padding-top:25px;--awb-padding-right:5px;--awb-padding-bottom:25px;--awb-padding-left:10px;--awb-bg-color:#44444a;--awb-bg-color-hover:#44444a;--awb-bg-size:cover;--awb-width-large:100%;--awb-margin-top-large:0px;--awb-spacing-right-large:1.92%;--awb-margin-bottom-large:40px;--awb-spacing-left-large:1.92%;--awb-width-medium:100%;--awb-order-medium:0;--awb-spacing-right-medium:1.92%;--awb-spacing-left-medium:1.92%;--awb-width-small:100%;--awb-order-small:0;--awb-spacing-right-small:1.92%;--awb-spacing-left-small:1.92%;\" id=\"white-text\"><div class=\"fusion-column-wrapper fusion-column-has-shadow fusion-flex-justify-content-flex-start fusion-content-layout-column\"><div class=\"fusion-title title fusion-title-2 fusion-sep-none fusion-title-text fusion-title-size-three\" style=\"--awb-text-color:#ffffff;--awb-margin-bottom:20px;--awb-margin-top-small:0px;--awb-margin-right-small:0px;--awb-margin-bottom-small:20px;--awb-margin-left-small:0px;\"><h3 class=\"fusion-title-heading title-heading-left fusion-responsive-typography-calculated\" style=\"margin:0;--fontSize:22;--minFontSize:22;line-height:1.09;\"><strong>Patient Center<\/strong><\/h3><\/div><div class=\"fusion-widget fusion-widget-element fusion-widget-area fusion-content-widget-area wpWidget-1 wp_nav_menu_widget\" style=\"--awb-fusion-border-size:0px;--awb-fusion-border-style:solid;\" id=\"custom-sidebar-menu\"><div class=\"widget widget_nav_menu\"><div class=\"menu-patient-center-container\"><ul id=\"menu-patient-center\" class=\"menu\"><li id=\"menu-item-1161\" class=\"menu-item menu-item-type-post_type menu-item-object-page menu-item-1161\"><a href=\"https:\/\/www.toplinemd.com\/myendo-health\/office-forms\/\">Office Forms<\/a><\/li>\n<li id=\"menu-item-1160\" class=\"menu-item menu-item-type-post_type menu-item-object-page menu-item-1160\"><a href=\"https:\/\/www.toplinemd.com\/myendo-health\/prepare-for-your-visit\/\">Prepare For Your Visit<\/a><\/li>\n<li id=\"menu-item-1176\" class=\"menu-item menu-item-type-post_type menu-item-object-page menu-item-1176\"><a href=\"https:\/\/www.toplinemd.com\/myendo-health\/new-patient-package-2\/\">New Patient Package<\/a><\/li>\n<li id=\"menu-item-1192\" class=\"menu-item menu-item-type-post_type menu-item-object-page menu-item-1192\"><a href=\"https:\/\/www.toplinemd.com\/myendo-health\/office-policies\/\">Office Policies<\/a><\/li>\n<li id=\"menu-item-1199\" class=\"menu-item menu-item-type-post_type menu-item-object-page menu-item-1199\"><a href=\"https:\/\/www.toplinemd.com\/myendo-health\/notice-of-privacy-practice\/\">Notice of Privacy Practice<\/a><\/li>\n<li id=\"menu-item-1191\" class=\"menu-item menu-item-type-post_type menu-item-object-page menu-item-1191\"><a href=\"https:\/\/www.toplinemd.com\/myendo-health\/medical-record-release-form\/\">Medical Record Release Form<\/a><\/li>\n<li id=\"menu-item-1205\" class=\"menu-item menu-item-type-post_type menu-item-object-page menu-item-1205\"><a href=\"https:\/\/www.toplinemd.com\/myendo-health\/international-patients\/\">International Patients<\/a><\/li>\n<li id=\"menu-item-1209\" class=\"menu-item menu-item-type-post_type menu-item-object-page menu-item-1209\"><a href=\"https:\/\/www.toplinemd.com\/myendo-health\/telemedicine-policy\/\">Telemedicine Policy<\/a><\/li>\n<\/ul><\/div><\/div><\/div><\/div><\/div><\/div>\n<div class=\"fusion-builder-row fusion-builder-row-inner fusion-row fusion-flex-align-items-flex-start fusion-flex-content-wrap\" style=\"--awb-flex-grow:0;--awb-flex-grow-medium:0;--awb-flex-grow-small:0;--awb-flex-shrink:0;--awb-flex-shrink-medium:0;--awb-flex-shrink-small:0;width:104% !important;max-width:104% !important;margin-left: calc(-4% \/ 2 );margin-right: calc(-4% \/ 2 );\"><div class=\"fusion-layout-column fusion_builder_column_inner fusion-builder-nested-column-1 fusion_builder_column_inner_1_1 1_1 fusion-flex-column\" style=\"--awb-padding-top:50px;--awb-padding-right:5px;--awb-padding-bottom:25px;--awb-padding-left:5px;--awb-bg-color:#ff8400;--awb-bg-color-hover:#ff8400;--awb-bg-image:url(&#039;https:\/\/www.toplinemd.com\/myendo-health\/wp-content\/uploads\/sites\/239\/2021\/11\/sidebar-cover.png&#039;);--awb-bg-position:center center;--awb-bg-size:cover;--awb-width-large:100%;--awb-margin-top-large:0px;--awb-spacing-right-large:1.92%;--awb-margin-bottom-large:40px;--awb-spacing-left-large:1.92%;--awb-width-medium:100%;--awb-order-medium:0;--awb-spacing-right-medium:1.92%;--awb-spacing-left-medium:1.92%;--awb-width-small:100%;--awb-order-small:0;--awb-spacing-right-small:1.92%;--awb-spacing-left-small:1.92%;\" id=\"background-size-fix\"><div class=\"fusion-column-wrapper fusion-column-has-shadow fusion-flex-justify-content-flex-start fusion-content-layout-column fusion-column-has-bg-image\" data-bg-url=\"https:\/\/www.toplinemd.com\/myendo-health\/wp-content\/uploads\/sites\/239\/2021\/11\/sidebar-cover.png\"><div class=\"fusion-title title fusion-title-3 fusion-sep-none fusion-title-center fusion-title-text fusion-title-size-three\" style=\"--awb-text-color:#ffffff;--awb-margin-top-small:0px;--awb-margin-right-small:0px;--awb-margin-bottom-small:20px;--awb-margin-left-small:0px;--awb-font-size:20px;\"><h3 class=\"fusion-title-heading title-heading-center fusion-responsive-typography-calculated\" style=\"margin:0;font-size:1em;--fontSize:20;--minFontSize:20;line-height:1.2;\"><p style=\"text-align: center\">Our Practice<\/p><\/h3><\/div><div class=\"fusion-separator\" style=\"align-self: center;margin-left: auto;margin-right: auto;margin-top:20px;margin-bottom:30px;width:100%;max-width:90%;\"><div class=\"fusion-separator-border sep-single\" style=\"--awb-height:20px;--awb-amount:20px;--awb-sep-color:#ffffff;border-color:#ffffff;border-top-width:1px;\"><\/div><\/div><div class=\"fusion-text fusion-text-1\"><p style=\"text-align: center\"><span style=\"color: #ffffff\">Our practice provides individualized care to patients who have or are suspected to have disorders of the endocrine system or disorders of metabolism.<\/span><\/p>\n<\/div><div style=\"text-align:center;\"><a class=\"fusion-button button-flat button-xlarge button-custom fusion-button-default button-1 fusion-button-default-span fusion-button-default-type\" style=\"--button_accent_color:#ffffff;--button_accent_hover_color:#ffffff;--button_border_hover_color:#ffffff;--button_gradient_top_color:#44444a;--button_gradient_bottom_color:#44444a;--button_gradient_top_color_hover:#ff8400;--button_gradient_bottom_color_hover:#ff8400;--button_text_transform:uppercase;\" target=\"_self\" href=\"\/myendo-health\/our-practice\/\"><span class=\"fusion-button-text awb-button__text awb-button__text--default\">Contact Us<\/span><i class=\"fa-caret-right fas awb-button__icon awb-button__icon--default button-icon-right\" aria-hidden=\"true\"><\/i><\/a><\/div><\/div><\/div><div class=\"fusion-layout-column fusion_builder_column_inner fusion-builder-nested-column-2 fusion_builder_column_inner_1_1 1_1 fusion-flex-column\" style=\"--awb-padding-top:50px;--awb-padding-right:5px;--awb-padding-bottom:25px;--awb-padding-left:5px;--awb-bg-color:#44444a;--awb-bg-color-hover:#44444a;--awb-bg-size:cover;--awb-width-large:100%;--awb-margin-top-large:0px;--awb-spacing-right-large:1.92%;--awb-margin-bottom-large:30px;--awb-spacing-left-large:1.92%;--awb-width-medium:100%;--awb-order-medium:0;--awb-spacing-right-medium:1.92%;--awb-spacing-left-medium:1.92%;--awb-width-small:100%;--awb-order-small:0;--awb-spacing-right-small:1.92%;--awb-spacing-left-small:1.92%;\"><div class=\"fusion-column-wrapper fusion-column-has-shadow fusion-flex-justify-content-flex-start fusion-content-layout-column\"><div class=\"fusion-title title fusion-title-4 fusion-sep-none fusion-title-center fusion-title-text fusion-title-size-three\" style=\"--awb-text-color:#ffffff;--awb-margin-top-small:0px;--awb-margin-right-small:0px;--awb-margin-bottom-small:20px;--awb-margin-left-small:0px;--awb-font-size:20px;\"><h3 class=\"fusion-title-heading title-heading-center fusion-responsive-typography-calculated\" style=\"margin:0;font-size:1em;--fontSize:20;--minFontSize:20;line-height:1.2;\"><p style=\"text-align: center\">Request An Appointment<\/p><\/h3><\/div><div class=\"fusion-separator\" style=\"align-self: center;margin-left: auto;margin-right: auto;margin-top:20px;margin-bottom:20px;width:100%;max-width:90%;\"><div class=\"fusion-separator-border sep-single\" style=\"--awb-height:20px;--awb-amount:20px;--awb-sep-color:#ffffff;border-color:#ffffff;border-top-width:1px;\"><\/div><\/div><div class=\"fusion-text fusion-text-2\"><p style=\"text-align: center\"><span style=\"color: #ffffff\">Schedule an appointment with us!<\/span><\/p>\n<\/div><div style=\"text-align:center;\"><a class=\"fusion-button button-flat button-xlarge button-default fusion-button-default button-2 fusion-button-default-span fusion-button-default-type\" style=\"--button_text_transform:uppercase;\" target=\"_self\" href=\"\/myendo-health\/request-an-appointment\/\"><span class=\"fusion-button-text awb-button__text awb-button__text--default\">Request<\/span><i class=\"fa-caret-right fas awb-button__icon awb-button__icon--default button-icon-right\" aria-hidden=\"true\"><\/i><\/a><\/div><\/div><\/div><\/div>\n<\/div><\/div><\/div><\/div><div class=\"fusion-fullwidth fullwidth-box fusion-builder-row-3 hundred-percent-fullwidth non-hundred-percent-height-scrolling fusion-equal-height-columns logos-footer\" style=\"--awb-border-radius-top-left:0px;--awb-border-radius-top-right:0px;--awb-border-radius-bottom-right:0px;--awb-border-radius-bottom-left:0px;--awb-padding-top:10px;--awb-padding-bottom:0px;--awb-padding-left:60px;--awb-background-color:#f0f3f6;--awb-flex-wrap:wrap;\" ><div class=\"fusion-builder-row fusion-row\"><div class=\"fusion-layout-column fusion_builder_column fusion-builder-column-3 fusion_builder_column_2_3 2_3 fusion-two-third fusion-column-first\" style=\"--awb-padding-top:40px;--awb-bg-blend:overlay;--awb-bg-size:cover;width:66.6666666667%;width:calc(66.6666666667% - ( ( 0 ) * 0.666666666667 ) );margin-right: 0px;\"><div class=\"fusion-column-wrapper fusion-column-has-shadow fusion-flex-column-wrapper-legacy\"><div class=\"fusion-image-element in-legacy-container\" style=\"--awb-caption-title-font-family:var(--h2_typography-font-family);--awb-caption-title-font-weight:var(--h2_typography-font-weight);--awb-caption-title-font-style:var(--h2_typography-font-style);--awb-caption-title-size:var(--h2_typography-font-size);--awb-caption-title-transform:var(--h2_typography-text-transform);--awb-caption-title-line-height:var(--h2_typography-line-height);--awb-caption-title-letter-spacing:var(--h2_typography-letter-spacing);\"><span class=\" fusion-imageframe imageframe-none imageframe-1 hover-type-none\"><a class=\"fusion-no-lightbox\" href=\"\/myendo-health\/\" target=\"_self\" aria-label=\"My Endo Health\"><img decoding=\"async\" width=\"270\" height=\"100\" src=\"https:\/\/www.toplinemd.com\/myendo-health\/wp-content\/uploads\/sites\/239\/2021\/11\/My-Endo-Health.png\" alt class=\"img-responsive wp-image-1076\" srcset=\"https:\/\/www.toplinemd.com\/myendo-health\/wp-content\/uploads\/sites\/239\/2021\/11\/My-Endo-Health-200x74.png 200w, https:\/\/www.toplinemd.com\/myendo-health\/wp-content\/uploads\/sites\/239\/2021\/11\/My-Endo-Health.png 270w\" sizes=\"(max-width: 800px) 100vw, 270px\" \/><\/a><\/span><\/div><div class=\"fusion-clearfix\"><\/div><\/div><\/div><div class=\"fusion-layout-column fusion_builder_column fusion-builder-column-4 fusion_builder_column_1_3 1_3 fusion-one-third fusion-column-last\" style=\"--awb-padding-top:40px;--awb-bg-blend:overlay;--awb-bg-size:cover;width:33.3333333333%;width:calc(33.3333333333% - ( ( 0 ) * 0.333333333333 ) );\"><div class=\"fusion-column-wrapper fusion-column-has-shadow fusion-flex-column-wrapper-legacy\"><div class=\"fusion-image-element in-legacy-container\" style=\"--awb-max-width:270px;--awb-caption-title-font-family:var(--h2_typography-font-family);--awb-caption-title-font-weight:var(--h2_typography-font-weight);--awb-caption-title-font-style:var(--h2_typography-font-style);--awb-caption-title-size:var(--h2_typography-font-size);--awb-caption-title-transform:var(--h2_typography-text-transform);--awb-caption-title-line-height:var(--h2_typography-line-height);--awb-caption-title-letter-spacing:var(--h2_typography-letter-spacing);\"><span class=\" fusion-imageframe imageframe-none imageframe-2 hover-type-none\"><a class=\"fusion-no-lightbox\" href=\"https:\/\/www.toplinemd.com\/why-topline-md\/\" target=\"_blank\" aria-label=\"TopLine MD-RegisterR_Stacked_Logo_rgb_color\" rel=\"noopener noreferrer\"><img decoding=\"async\" width=\"1576\" height=\"376\" src=\"https:\/\/www.toplinemd.com\/myendo-health\/wp-content\/uploads\/sites\/239\/2026\/04\/TopLine-MD-RegisterR_Stacked_Logo_rgb_color.png\" alt class=\"img-responsive wp-image-1369\" srcset=\"https:\/\/www.toplinemd.com\/myendo-health\/wp-content\/uploads\/sites\/239\/2026\/04\/TopLine-MD-RegisterR_Stacked_Logo_rgb_color-200x48.png 200w, https:\/\/www.toplinemd.com\/myendo-health\/wp-content\/uploads\/sites\/239\/2026\/04\/TopLine-MD-RegisterR_Stacked_Logo_rgb_color-400x95.png 400w, https:\/\/www.toplinemd.com\/myendo-health\/wp-content\/uploads\/sites\/239\/2026\/04\/TopLine-MD-RegisterR_Stacked_Logo_rgb_color-600x143.png 600w, https:\/\/www.toplinemd.com\/myendo-health\/wp-content\/uploads\/sites\/239\/2026\/04\/TopLine-MD-RegisterR_Stacked_Logo_rgb_color-800x191.png 800w, https:\/\/www.toplinemd.com\/myendo-health\/wp-content\/uploads\/sites\/239\/2026\/04\/TopLine-MD-RegisterR_Stacked_Logo_rgb_color-1200x286.png 1200w, https:\/\/www.toplinemd.com\/myendo-health\/wp-content\/uploads\/sites\/239\/2026\/04\/TopLine-MD-RegisterR_Stacked_Logo_rgb_color.png 1576w\" sizes=\"(max-width: 800px) 100vw, 400px\" \/><\/a><\/span><\/div><div class=\"fusion-clearfix\"><\/div><\/div><\/div><\/div><\/div>\n<\/p>\n","protected":false},"excerpt":{"rendered":"","protected":false},"author":13,"featured_media":0,"parent":0,"menu_order":0,"comment_status":"closed","ping_status":"closed","template":"100-width.php","meta":{"footnotes":"","_links_to":"","_links_to_target":""},"class_list":["post-1203","page","type-page","status-publish","hentry"],"aioseo_notices":[],"_links":{"self":[{"href":"https:\/\/www.toplinemd.com\/myendo-health\/wp-json\/wp\/v2\/pages\/1203","targetHints":{"allow":["GET"]}}],"collection":[{"href":"https:\/\/www.toplinemd.com\/myendo-health\/wp-json\/wp\/v2\/pages"}],"about":[{"href":"https:\/\/www.toplinemd.com\/myendo-health\/wp-json\/wp\/v2\/types\/page"}],"author":[{"embeddable":true,"href":"https:\/\/www.toplinemd.com\/myendo-health\/wp-json\/wp\/v2\/users\/13"}],"replies":[{"embeddable":true,"href":"https:\/\/www.toplinemd.com\/myendo-health\/wp-json\/wp\/v2\/comments?post=1203"}],"version-history":[{"count":0,"href":"https:\/\/www.toplinemd.com\/myendo-health\/wp-json\/wp\/v2\/pages\/1203\/revisions"}],"wp:attachment":[{"href":"https:\/\/www.toplinemd.com\/myendo-health\/wp-json\/wp\/v2\/media?parent=1203"}],"curies":[{"name":"wp","href":"https:\/\/api.w.org\/{rel}","templated":true}]}}