{"id":1105,"date":"2021-11-25T13:51:28","date_gmt":"2021-11-25T13:51:28","guid":{"rendered":"https:\/\/www.toplinemd.com\/womens-healthcare-of-kendall\/?page_id=1105"},"modified":"2022-05-31T14:19:55","modified_gmt":"2022-05-31T14:19:55","slug":"gynecology","status":"publish","type":"page","link":"https:\/\/www.toplinemd.com\/womens-healthcare-of-kendall\/gynecology\/","title":{"rendered":"Gynecology"},"content":{"rendered":"<p><div class=\"fusion-fullwidth fullwidth-box fusion-builder-row-1 fusion-flex-container fusion-parallax-none nonhundred-percent-fullwidth non-hundred-percent-height-scrolling\" style=\"--awb-background-position:left center;--awb-border-radius-top-left:0px;--awb-border-radius-top-right:0px;--awb-border-radius-bottom-right:0px;--awb-border-radius-bottom-left:0px;--awb-min-height:520px;--awb-background-image:url(&quot;https:\/\/www.toplinemd.com\/womens-healthcare-of-kendall\/wp-content\/uploads\/sites\/259\/2022\/05\/Gynecology.jpg&quot;);--awb-background-size:cover;--awb-flex-wrap:wrap;\" ><div class=\"fusion-builder-row fusion-row fusion-flex-align-items-center fusion-flex-justify-content-center fusion-flex-content-wrap\" style=\"max-width:1352px;margin-left: calc(-4% \/ 2 );margin-right: calc(-4% \/ 2 );\"><div class=\"fusion-layout-column fusion_builder_column fusion-builder-column-0 fusion_builder_column_1_1 1_1 fusion-flex-column fusion-animated\" style=\"--awb-padding-top:1px;--awb-bg-size:cover;--awb-width-large:100%;--awb-margin-top-large:0px;--awb-spacing-right-large:1.92%;--awb-margin-bottom-large:20px;--awb-spacing-left-large:1.92%;--awb-width-medium:100%;--awb-order-medium:0;--awb-spacing-right-medium:1.92%;--awb-spacing-left-medium:1.92%;--awb-width-small:100%;--awb-order-small:0;--awb-spacing-right-small:1.92%;--awb-spacing-left-small:1.92%;\" data-animationType=\"fadeInDown\" data-animationDuration=\"0.6\" data-animationOffset=\"top-into-view\"><div class=\"fusion-column-wrapper fusion-column-has-shadow fusion-flex-justify-content-flex-start fusion-content-layout-column\"><div class=\"fusion-title title fusion-title-1 fusion-sep-none fusion-title-center fusion-title-text fusion-title-size-one\" style=\"--awb-margin-top:20px;--awb-margin-bottom:10px;--awb-margin-top-small:20px;\"><h1 class=\"fusion-title-heading title-heading-center fusion-responsive-typography-calculated\" style=\"margin:0;--fontSize:58;line-height:1.03;\">Gynecology<\/h1><\/div><\/div><\/div><\/div><\/div><div class=\"fusion-fullwidth fullwidth-box fusion-builder-row-2 nonhundred-percent-fullwidth non-hundred-percent-height-scrolling fusion-equal-height-columns padding-wrapper\" style=\"--awb-border-radius-top-left:0px;--awb-border-radius-top-right:0px;--awb-border-radius-bottom-right:0px;--awb-border-radius-bottom-left:0px;--awb-padding-top:7%;--awb-padding-right:0px;--awb-padding-bottom:4%;--awb-padding-left:0px;--awb-background-color:#f7f8fb;--awb-flex-wrap:wrap;\" ><div class=\"fusion-builder-row fusion-row\"><div class=\"fusion-layout-column fusion_builder_column fusion-builder-column-1 fusion_builder_column_1_2 1_2 fusion-one-half fusion-column-first fusion-column-no-min-height padding-null\" style=\"--awb-padding-bottom:5%;--awb-bg-size:cover;width:50%;width:calc(50% - ( ( 8% ) * 0.5 ) );margin-right: 8%;\"><div class=\"fusion-column-wrapper fusion-column-has-shadow fusion-flex-column-wrapper-legacy\"><div class=\"fusion-column-content-centered\"><div class=\"fusion-column-content\"><div class=\"fusion-title title fusion-title-2 fusion-sep-none fusion-title-text fusion-title-size-two\" style=\"--awb-font-size:46px;\"><h2 class=\"fusion-title-heading title-heading-left fusion-responsive-typography-calculated\" style=\"margin:0;font-size:1em;--fontSize:46;line-height:1.09;\"><strong>Gynecology Specialists in Miami, Florida <\/strong><\/h2><\/div><\/div><\/div><div class=\"fusion-clearfix\"><\/div><\/div><\/div><div class=\"fusion-layout-column fusion_builder_column fusion-builder-column-2 fusion_builder_column_1_2 1_2 fusion-one-half fusion-column-last fusion-column-no-min-height\" style=\"--awb-padding-bottom:2%;--awb-bg-size:cover;width:50%;width:calc(50% - ( ( 8% ) * 0.5 ) );\"><div class=\"fusion-column-wrapper fusion-column-has-shadow fusion-flex-column-wrapper-legacy\"><div class=\"fusion-column-content-centered\"><div class=\"fusion-column-content\"><div class=\"fusion-builder-row fusion-builder-row-inner fusion-row\"><div class=\"fusion-layout-column fusion_builder_column_inner fusion-builder-nested-column-0 fusion_builder_column_inner_1_5 1_5 fusion-one-fifth fusion-column-first fusion-no-small-visibility\" style=\"--awb-padding-top:46px;--awb-padding-right:20px;--awb-padding-bottom:46px;--awb-padding-left:20px;--awb-bg-color:#906761;--awb-bg-color-hover:#906761;--awb-bg-size:cover;--awb-margin-bottom:0px;width:20%;width:calc(20% - ( ( 0 ) * 0.2 ) );margin-right: 0px;\"><div class=\"fusion-column-wrapper fusion-column-has-shadow fusion-flex-column-wrapper-legacy\"><div class=\"fusion-column-content-centered\"><div class=\"fusion-column-content\"><div class=\"fusion-fa-align-center\"><i class=\"fb-icon-element-1 fb-icon-element fontawesome-icon fa-mobile-alt fas circle-no\" style=\"--awb-font-size:45px;\"><\/i><\/div><\/div><\/div><div class=\"fusion-clearfix\"><\/div><\/div><\/div><div class=\"fusion-layout-column fusion_builder_column_inner fusion-builder-nested-column-1 fusion_builder_column_inner_4_5 4_5 fusion-four-fifth fusion-column-last\" style=\"--awb-padding-top:34px;--awb-padding-right:20px;--awb-padding-bottom:34px;--awb-padding-left:20px;--awb-bg-color:#ffffff;--awb-bg-color-hover:#ffffff;--awb-bg-size:cover;--awb-border-color:#906761;--awb-border-top:2px;--awb-border-right:2px;--awb-border-bottom:2px;--awb-border-left:2px;--awb-border-style:solid;--awb-margin-bottom:0px;width:80%;width:calc(80% - ( ( 0 ) * 0.8 ) );\"><div class=\"fusion-column-wrapper fusion-column-has-shadow fusion-flex-column-wrapper-legacy\"><div class=\"fusion-column-content-centered\"><div class=\"fusion-column-content\"><div class=\"fusion-text fusion-text-1\"><p style=\"color: #fff; margin-bottom: 0;\"><span style=\"color: #906761;\">Telephone<\/span><\/p>\n<\/div><div class=\"fusion-text fusion-text-2\"><p style=\"font-size: 37px; line-height: 41px; margin-bottom: 0;\"><strong><a href=\"tel:+13052707999\"><span style=\"color: #888888;\">(305) 270-7999<\/span><\/a><\/strong><\/p>\n<\/div><\/div><\/div><div class=\"fusion-clearfix\"><\/div><\/div><\/div><\/div><\/div><\/div><div class=\"fusion-clearfix\"><\/div><\/div><\/div>\n<div class=\"fusion-layout-column fusion_builder_column fusion-builder-column-3 fusion_builder_column_1_2 1_2 fusion-one-half fusion-column-first fusion-column-no-min-height padding-null\" style=\"--awb-padding-bottom:5%;--awb-bg-size:cover;--awb-margin-bottom:0px;width:50%;width:calc(50% - ( ( 8% ) * 0.5 ) );margin-right: 8%;\"><div class=\"fusion-column-wrapper fusion-column-has-shadow fusion-flex-column-wrapper-legacy\"><div class=\"fusion-column-content-centered\"><div class=\"fusion-column-content\"><div class=\"fusion-text fusion-text-3\"><p><strong>General Gynecologic Care<\/strong><\/p>\n<ul>\n<li>Routine and yearly examinations<\/li>\n<li>Adolescent gynecology and counseling<\/li>\n<li>Contraception counseling<\/li>\n<li>Pap smears and cervical cancer screening<\/li>\n<li>Breast and ovarian cancer screening<\/li>\n<li>Osteoporosis screening, prevention, diagnosis and treatment<\/li>\n<li>STD Screening<\/li>\n<\/ul>\n<p><strong>GYN Surgery<\/strong><\/p>\n<ul>\n<li>Hysterectomy<\/li>\n<li>Myomectomy<\/li>\n<li>Uterine Fibroid Embolization<\/li>\n<li>Pelvic Reconstructive Surgery<\/li>\n<li>Uterine endometrial ablation<\/li>\n<\/ul>\n<\/div><\/div><\/div><div class=\"fusion-clearfix\"><\/div><\/div><\/div><div class=\"fusion-layout-column fusion_builder_column fusion-builder-column-4 fusion_builder_column_1_2 1_2 fusion-one-half fusion-column-last fusion-column-no-min-height padding-null\" style=\"--awb-padding-bottom:5%;--awb-bg-size:cover;width:50%;width:calc(50% - ( ( 8% ) * 0.5 ) );\"><div class=\"fusion-column-wrapper fusion-column-has-shadow fusion-flex-column-wrapper-legacy\"><div class=\"fusion-column-content-centered\"><div class=\"fusion-column-content\"><div class=\"fusion-text fusion-text-4\"><p><strong>Urinary<\/strong><\/p>\n<ul>\n<li>Urodynamics<\/li>\n<li>Urinary incontinence evaluation and treatment<\/li>\n<li>Pelvic floor therapy<\/li>\n<\/ul>\n<p><strong>Premenstrual Syndrome Management<\/strong><\/p>\n<p><strong>Labiaplasty<\/strong><\/p>\n<ul>\n<li>Labiaplasty<\/li>\n<\/ul>\n<p><strong>Menopause management<\/strong><\/p>\n<ul>\n<li>Advanced Laparoscopic<\/li>\n<li>Hysteroscopic Surgery<\/li>\n<li>Infertility Evaluation, Testing and Treatment<\/li>\n<li>Menopause<\/li>\n<\/ul>\n<\/div><\/div><\/div><div class=\"fusion-clearfix\"><\/div><\/div><\/div><\/div><\/div><div class=\"fusion-bg-parallax\" data-bg-align=\"center top\" data-direction=\"up\" data-mute=\"false\" data-opacity=\"100\" data-velocity=\"-0.3\" data-mobile-enabled=\"false\" data-break_parents=\"0\" data-bg-image=\"https:\/\/www.toplinemd.com\/womens-healthcare-of-kendall\/wp-content\/uploads\/sites\/259\/2022\/05\/Request-an-Appointment.jpg\" data-bg-repeat=\"false\" ><\/div><div class=\"fusion-fullwidth fullwidth-box fusion-builder-row-3 fusion-parallax-up nonhundred-percent-fullwidth non-hundred-percent-height-scrolling padding-wrapper\" style=\"--awb-background-position:center top;--awb-border-radius-top-left:0px;--awb-border-radius-top-right:0px;--awb-border-radius-bottom-right:0px;--awb-border-radius-bottom-left:0px;--awb-padding-top:5%;--awb-padding-bottom:5%;--awb-background-image:url(&quot;https:\/\/www.toplinemd.com\/womens-healthcare-of-kendall\/wp-content\/uploads\/sites\/259\/2022\/05\/Request-an-Appointment.jpg&quot;);--awb-background-size:cover;--awb-flex-wrap:wrap;\" ><div class=\"fusion-builder-row fusion-row\"><div class=\"fusion-layout-column fusion_builder_column fusion-builder-column-5 fusion_builder_column_1_1 1_1 fusion-one-full fusion-column-first fusion-column-last padding-null\" style=\"--awb-padding-top:40px;--awb-bg-size:cover;\"><div class=\"fusion-column-wrapper fusion-column-has-shadow fusion-flex-column-wrapper-legacy\"><div class=\"fusion-title title fusion-title-3 fusion-sep-none fusion-title-center fusion-title-text fusion-title-size-two\"><h2 class=\"fusion-title-heading title-heading-center fusion-responsive-typography-calculated\" style=\"margin:0;--fontSize:50;line-height:1.38;\"><p style=\"text-align: center;\">Patient Feedback<\/p><\/h2><\/div><div class=\"fusion-clearfix\"><\/div><\/div><\/div><div class=\"fusion-layout-column fusion_builder_column fusion-builder-column-6 fusion_builder_column_1_1 1_1 fusion-one-full fusion-column-first fusion-column-last\" style=\"--awb-bg-size:cover;\"><div class=\"fusion-column-wrapper fusion-column-has-shadow fusion-flex-column-wrapper-legacy\">    <script>\n\n        jQuery(document).ready(function(){\n          jQuery('.home-tstm').slick({\n            dots: true,\n            arrows: false,\n            slidesToShow: 2,\n            slidesToScroll: 1,\n            infinite: true,\n            autoplay: true,\n            autoplaySpeed: 5000,\n            draggable: false,\n            cssEase: 'linear',\n            responsive: [\n            {\n              breakpoint: 1024,\n              settings: {\n                slidesToShow: 1,\n                slidesToScroll: 1,\n                infinite: true,\n                dots: true\n              }\n            },\n            {\n              breakpoint: 767,\n              settings: {\n                slidesToShow: 1,\n                slidesToScroll: 1\n              }\n            }\n          ]\n          });\n        });\n        <\/script>\n        \n        \n        <!-- CDN for slick slider -->\n        <link rel=\"stylesheet\" type=\"text\/css\" href=\"https:\/\/cdnjs.cloudflare.com\/ajax\/libs\/slick-carousel\/1.8.1\/slick.min.css\">\n        <script type=\"text\/javascript\" src=\"https:\/\/cdnjs.cloudflare.com\/ajax\/libs\/slick-carousel\/1.8.1\/slick.min.js\"><\/script><div class=\"home-tstm\">\n\n  <div class=\"tstm\">\n  <p>\n\"No me cansar\u00e9 de decirles gracias a las Dra Delgado por su gran labor y coraz\u00f3n, por tener una excelente Nurse Practitioner como Lauren y una espectacular midwife como Mary. Soy afortunada de tener esta pr\u00e1ctica en mi vida, no hay duda que desde el primer d\u00eda me han atendido con mucha cordialidad y un servicio al 100%. Su equipo es el reflejo de estas gran mujeres que d\u00eda tras d\u00eda lo dan todo por nosotras que somos sus pacientes! Nuevamente G R A C I A S \ufe0f no solo se ganaron mi respeto y admiraci\u00f3n como paciente, sino mi coraz\u00f3n con todo lo que han hecho por mi durante estos 4 a\u00f1os. Mil bendiciones.\"  <\/p>\n  <strong>Juli M.<\/strong>\n  <\/div>\n\n  <div class=\"tstm\">\n  <p>\n\"I had the most incredible experience at Women\u2019s Healthcare of Kendall. Dr. Suzette Delgado delivered my second child and it was a completely different experience than the first. She was with me every step of the way and reassured me that everything would be OK. I knew I was in experienced and caring hands. I very highly recommend this practice.\"\n  <\/p>\n  <strong>Brianna R. V.<\/strong>\n  <\/div>\n\n  <div class=\"tstm\">\n  <p>\n  \"This office is AMAZING. I don't understand all these negative reviews. Dr. Delgado is so kind and informative... she really cares about her patients and helps you understand everything that is going on during your visits. The birthing center is also incredible. I gave birth there and it was just so peaceful and beautiful. I would not go anywhere else for my services!!\"\n  <\/p>\n  <strong>Elizabeth<\/strong>\n  <\/div>\n\n  <div class=\"tstm\">\n  <p>\nThey're heaven sent! We couldn't have had a better experience. Last year my wife and I found a donor and asked ourselves \"now what?\". This was all unfamiliar territory for us so we decided to speak to our GYN for some guidance on at home insemination. At our first visit they helped us better understand the steps we needed to take to see if I was even a candidate to carry. Long story short, we were so excited to find out that I was! We felt so comfortable and truly trusted them, and we decided to do our insemination at their office! Next concern, \"Wait! What if I'm ovulating on a weekend or the doctor is on vacation?\" They reassured us that they would make it work with our ovulation day and, needless to say, they did! Everyone, including the girl at the front desk, over exceeded every expectation and we are forever grateful to them for helping us create our perfect little boy!\n  <\/p>\n  <strong>Rhia and Maribel<\/strong>\n  <\/div>\n\n  <div class=\"tstm\">\n  <p>\n\"I\u2019m blessed to be a patient here. Is it a very business office? Yes, but that\u2019s understandable with the great medical staff & very nice office staff! I gave birth to my daughter Nov 2019 with Dr. Suzette Delgado.. and she is wonderful! She is so kind and attentive. She is easy going, made me feel quite comfortable to talk to her.\n  Before I met her I saw Mary, the Midwife. Ladies, in the past I had pretty tough experiences doing my PAP, but Mary had done mine & she made me feel so comfortable. That was very important to me.\"<\/p>\n  <strong>A. Diaz<\/strong>\n  <\/div>\n\n  <div class=\"tstm\">\n  <p>\n  \"The office staff is very helpful and attentive. Dr. Suzette Delgado is very kind, she makes the comfort of her patients a top priority while maintaining a high level of professionalism. She is an excellent doctor who works efficiently but still takes her time with each patient and understands the individual needs of a patient. She is able to relate to her patients. I feel very comfortable asking questions and never feel rushed.\"\n  <\/p>\n  <strong>J. Rod<\/strong>\n  <\/div>\n\n  <div class=\"tstm\">\n  <p>\n  \"This is the best OB\/GYN office in Miami! The staff is always attentive of every patients needs and the doctors are incredible! Dr. Delgado is the best and always provides the best information and she makes me feel extremely comfortable. Ive never felt rushed in the office. I\u2019ve always had an incredible experience here. Would definitely recommend! \"\n  <\/p>\n  <strong>A. Pacheco<\/strong>\n  <\/div>\n\n<\/div><div class=\"fusion-clearfix\"><\/div><\/div><\/div><\/div><\/div>\n<div class=\"fusion-fullwidth fullwidth-box fusion-builder-row-4 fusion-flex-container nonhundred-percent-fullwidth non-hundred-percent-height-scrolling padding-wrapper\" style=\"--awb-background-position:center top;--awb-background-blend-mode:overlay;--awb-border-sizes-top:0px;--awb-border-sizes-bottom:0px;--awb-border-sizes-left:0px;--awb-border-sizes-right:0px;--awb-border-color:#ffffff;--awb-border-radius-top-left:0px;--awb-border-radius-top-right:0px;--awb-border-radius-bottom-right:0px;--awb-border-radius-bottom-left:0px;--awb-padding-top:5%;--awb-padding-bottom:5%;--awb-background-image:linear-gradient(180deg, #f6ebe5 0%,#f6ebe5 100%);--awb-flex-wrap:wrap;\" ><div class=\"fusion-builder-row fusion-row fusion-flex-align-items-flex-start fusion-flex-justify-content-center fusion-flex-content-wrap\" style=\"max-width:1352px;margin-left: calc(-4% \/ 2 );margin-right: calc(-4% \/ 2 );\"><div class=\"fusion-layout-column fusion_builder_column fusion-builder-column-7 fusion_builder_column_3_5 3_5 fusion-flex-column padding-null\" style=\"--awb-bg-size:cover;--awb-width-large:60%;--awb-margin-top-large:20px;--awb-spacing-right-large:3.2%;--awb-margin-bottom-large:20px;--awb-spacing-left-large:3.2%;--awb-width-medium:100%;--awb-spacing-right-medium:1.92%;--awb-spacing-left-medium:1.92%;--awb-width-small:100%;--awb-spacing-right-small:1.92%;--awb-spacing-left-small:1.92%;\"><div class=\"fusion-column-wrapper fusion-column-has-shadow fusion-flex-justify-content-flex-start fusion-content-layout-column\"><div class=\"fusion-title title fusion-title-4 fusion-sep-none fusion-title-center fusion-title-text fusion-title-size-two\" style=\"--awb-margin-bottom:20px;\"><h2 class=\"fusion-title-heading title-heading-center fusion-responsive-typography-calculated\" style=\"margin:0;--fontSize:50;line-height:1.38;\"><p style=\"text-align: center;\">Request an Appointment<\/p><\/h2><\/div><div class=\"fusion-text fusion-text-5 fusion-text-no-margin\" style=\"--awb-margin-top:30px;--awb-margin-bottom:40px;\"><p style=\"text-align: center;\">Have a question about our practice or want to schedule an appointment? Reach out and speak with a member of our team.<\/p>\n<\/div><div style=\"text-align:center;\"><a class=\"fusion-button button-flat fusion-button-default-size button-custom fusion-button-default button-1 fusion-button-default-span fusion-button-default-type kendal-btn\" style=\"--button_accent_color:#ffffff;--button_border_color:#d696a9;--button_accent_hover_color:#ffffff;--button_border_hover_color:#906860;--button_border_width-top:2px;--button_border_width-right:2px;--button_border_width-bottom:2px;--button_border_width-left:2px;--button_gradient_top_color:#d696a9;--button_gradient_bottom_color:#d696a9;--button_gradient_top_color_hover:#906860;--button_gradient_bottom_color_hover:#906860;--button_text_transform:uppercase;\" target=\"_self\" href=\"\/womens-healthcare-of-kendall\/contact\/\"><span class=\"fusion-button-text awb-button__text awb-button__text--default\">Request an Appointment<\/span><\/a><\/div><\/div><\/div><\/div><\/div>\n<div class=\"fusion-fullwidth fullwidth-box fusion-builder-row-5 hundred-percent-fullwidth non-hundred-percent-height-scrolling fusion-equal-height-columns wh2footerlogos\" style=\"--awb-border-sizes-top:0px;--awb-border-sizes-bottom:0px;--awb-border-sizes-left:0px;--awb-border-sizes-right:0px;--awb-border-color:#906761;--awb-border-radius-top-left:0px;--awb-border-radius-top-right:0px;--awb-border-radius-bottom-right:0px;--awb-border-radius-bottom-left:0px;--awb-padding-top:0px;--awb-padding-right:0px;--awb-padding-left:0px;--awb-background-color:#f0f3f6;--awb-flex-wrap:wrap;\" ><div class=\"fusion-builder-row fusion-row\"><div class=\"fusion-layout-column fusion_builder_column fusion-builder-column-8 fusion_builder_column_1_1 1_1 fusion-one-full fusion-column-first fusion-column-last fusion-column-no-min-height\" style=\"--awb-padding-top:0px;--awb-padding-right:0px;--awb-padding-left:0px;--awb-bg-size:cover;--awb-border-color:#f6ebe5;--awb-border-bottom:15px;--awb-border-style:solid;\"><div class=\"fusion-column-wrapper fusion-column-has-shadow fusion-flex-column-wrapper-legacy\"><div class=\"fusion-clearfix\"><\/div><\/div><\/div><div class=\"fusion-layout-column fusion_builder_column fusion-builder-column-9 fusion_builder_column_1_2 1_2 fusion-one-half fusion-column-first wh2footerlogo\" style=\"--awb-padding-top:40px;--awb-padding-left:12%;--awb-bg-size:cover;width:50%;width:calc(50% - ( ( 4% ) * 0.5 ) );margin-right: 4%;\"><div class=\"fusion-column-wrapper fusion-column-has-shadow fusion-flex-column-wrapper-legacy\"><div class=\"fusion-column-content-centered\"><div class=\"fusion-column-content\"><div class=\"fusion-image-element in-legacy-container\" style=\"--awb-caption-title-font-family:var(--h2_typography-font-family);--awb-caption-title-font-weight:var(--h2_typography-font-weight);--awb-caption-title-font-style:var(--h2_typography-font-style);--awb-caption-title-size:var(--h2_typography-font-size);--awb-caption-title-transform:var(--h2_typography-text-transform);--awb-caption-title-line-height:var(--h2_typography-line-height);--awb-caption-title-letter-spacing:var(--h2_typography-letter-spacing);\"><span class=\" fusion-imageframe imageframe-none imageframe-1 hover-type-none\"><a class=\"fusion-no-lightbox\" href=\"\/womens-healthcare-of-kendall\/\" target=\"_self\" aria-label=\"Kendall logo new\"><img decoding=\"async\" width=\"270\" height=\"100\" src=\"https:\/\/www.toplinemd.com\/womens-healthcare-of-kendall\/wp-content\/uploads\/sites\/259\/2022\/07\/Kendall-logo-new.png\" alt class=\"img-responsive wp-image-1425\" srcset=\"https:\/\/www.toplinemd.com\/womens-healthcare-of-kendall\/wp-content\/uploads\/sites\/259\/2022\/07\/Kendall-logo-new-200x74.png 200w, https:\/\/www.toplinemd.com\/womens-healthcare-of-kendall\/wp-content\/uploads\/sites\/259\/2022\/07\/Kendall-logo-new.png 270w\" sizes=\"(max-width: 1000px) 100vw, 270px\" \/><\/a><\/span><\/div><\/div><\/div><div class=\"fusion-clearfix\"><\/div><\/div><\/div><div class=\"fusion-layout-column fusion_builder_column fusion-builder-column-10 fusion_builder_column_1_2 1_2 fusion-one-half fusion-column-last wh2footerlogo\" style=\"--awb-padding-top:40px;--awb-padding-right:4%;--awb-bg-size:cover;width:50%;width:calc(50% - ( ( 4% ) * 0.5 ) );\"><div class=\"fusion-column-wrapper fusion-column-has-shadow fusion-flex-column-wrapper-legacy\"><div class=\"fusion-column-content-centered\"><div class=\"fusion-column-content\"><div class=\"fusion-image-element fusion-image-align-left in-legacy-container\" style=\"text-align:left;--awb-max-width:300px;--awb-caption-title-font-family:var(--h2_typography-font-family);--awb-caption-title-font-weight:var(--h2_typography-font-weight);--awb-caption-title-font-style:var(--h2_typography-font-style);--awb-caption-title-size:var(--h2_typography-font-size);--awb-caption-title-transform:var(--h2_typography-text-transform);--awb-caption-title-line-height:var(--h2_typography-line-height);--awb-caption-title-letter-spacing:var(--h2_typography-letter-spacing);\"><span class=\" fusion-imageframe imageframe-none imageframe-2 hover-type-none\" style=\"margin-right:25px;float:left;\"><a class=\"fusion-no-lightbox\" href=\"https:\/\/www.toplinemd.com\/why-topline-md\/\" target=\"_blank\" aria-label=\"TopLine MD-RegisterR_Stacked_Logo_rgb_color\" rel=\"noopener noreferrer\"><img decoding=\"async\" width=\"1576\" height=\"376\" src=\"https:\/\/www.toplinemd.com\/womens-healthcare-of-kendall\/wp-content\/uploads\/sites\/259\/2026\/04\/TopLine-MD-RegisterR_Stacked_Logo_rgb_color.png\" alt class=\"img-responsive wp-image-1545\" srcset=\"https:\/\/www.toplinemd.com\/womens-healthcare-of-kendall\/wp-content\/uploads\/sites\/259\/2026\/04\/TopLine-MD-RegisterR_Stacked_Logo_rgb_color-200x48.png 200w, https:\/\/www.toplinemd.com\/womens-healthcare-of-kendall\/wp-content\/uploads\/sites\/259\/2026\/04\/TopLine-MD-RegisterR_Stacked_Logo_rgb_color-400x95.png 400w, https:\/\/www.toplinemd.com\/womens-healthcare-of-kendall\/wp-content\/uploads\/sites\/259\/2026\/04\/TopLine-MD-RegisterR_Stacked_Logo_rgb_color-600x143.png 600w, https:\/\/www.toplinemd.com\/womens-healthcare-of-kendall\/wp-content\/uploads\/sites\/259\/2026\/04\/TopLine-MD-RegisterR_Stacked_Logo_rgb_color-800x191.png 800w, https:\/\/www.toplinemd.com\/womens-healthcare-of-kendall\/wp-content\/uploads\/sites\/259\/2026\/04\/TopLine-MD-RegisterR_Stacked_Logo_rgb_color-1200x286.png 1200w, https:\/\/www.toplinemd.com\/womens-healthcare-of-kendall\/wp-content\/uploads\/sites\/259\/2026\/04\/TopLine-MD-RegisterR_Stacked_Logo_rgb_color.png 1576w\" sizes=\"(max-width: 1000px) 100vw, 600px\" \/><\/a><\/span><\/div><\/div><\/div><div class=\"fusion-clearfix\"><\/div><\/div><\/div><\/div><\/div>\n<\/p>\n","protected":false},"excerpt":{"rendered":"","protected":false},"author":13,"featured_media":0,"parent":0,"menu_order":0,"comment_status":"closed","ping_status":"closed","template":"100-width.php","meta":{"footnotes":"","_links_to":"","_links_to_target":""},"class_list":["post-1105","page","type-page","status-publish","hentry"],"aioseo_notices":[],"_links":{"self":[{"href":"https:\/\/www.toplinemd.com\/womens-healthcare-of-kendall\/wp-json\/wp\/v2\/pages\/1105","targetHints":{"allow":["GET"]}}],"collection":[{"href":"https:\/\/www.toplinemd.com\/womens-healthcare-of-kendall\/wp-json\/wp\/v2\/pages"}],"about":[{"href":"https:\/\/www.toplinemd.com\/womens-healthcare-of-kendall\/wp-json\/wp\/v2\/types\/page"}],"author":[{"embeddable":true,"href":"https:\/\/www.toplinemd.com\/womens-healthcare-of-kendall\/wp-json\/wp\/v2\/users\/13"}],"replies":[{"embeddable":true,"href":"https:\/\/www.toplinemd.com\/womens-healthcare-of-kendall\/wp-json\/wp\/v2\/comments?post=1105"}],"version-history":[{"count":0,"href":"https:\/\/www.toplinemd.com\/womens-healthcare-of-kendall\/wp-json\/wp\/v2\/pages\/1105\/revisions"}],"wp:attachment":[{"href":"https:\/\/www.toplinemd.com\/womens-healthcare-of-kendall\/wp-json\/wp\/v2\/media?parent=1105"}],"curies":[{"name":"wp","href":"https:\/\/api.w.org\/{rel}","templated":true}]}}